{"id":1305,"date":"2025-11-18T14:34:10","date_gmt":"2025-11-18T13:34:10","guid":{"rendered":"https:\/\/holgy.de\/?page_id=1305"},"modified":"2025-11-18T14:40:09","modified_gmt":"2025-11-18T13:40:09","slug":"metallbau","status":"publish","type":"page","link":"https:\/\/holgy.de\/?page_id=1305","title":{"rendered":"Metallbau"},"content":{"rendered":"\n<p>Da ich im Ursprung ja einmal Maschinenschlosser gelernt habe, werde ich hier die Beitr\u00e4ge sammeln die  reinpassen w\u00fcrden.<\/p>\n\n\n\n<p>viel Spa\u00df <\/p>\n\n\n\n<p><\/p>\n","protected":false},"excerpt":{"rendered":"<p>Da ich im Ursprung ja einmal Maschinenschlosser gelernt habe, werde ich hier die Beitr\u00e4ge sammeln die reinpassen w\u00fcrden. viel Spa\u00df<\/p>\n","protected":false},"author":1,"featured_media":0,"parent":0,"menu_order":0,"comment_status":"closed","ping_status":"closed","template":"","meta":{"footnotes":""},"class_list":["post-1305","page","type-page","status-publish","hentry"],"jetpack_sharing_enabled":true,"_links":{"self":[{"href":"https:\/\/holgy.de\/index.php?rest_route=\/wp\/v2\/pages\/1305","targetHints":{"allow":["GET"]}}],"collection":[{"href":"https:\/\/holgy.de\/index.php?rest_route=\/wp\/v2\/pages"}],"about":[{"href":"https:\/\/holgy.de\/index.php?rest_route=\/wp\/v2\/types\/page"}],"author":[{"embeddable":true,"href":"https:\/\/holgy.de\/index.php?rest_route=\/wp\/v2\/users\/1"}],"replies":[{"embeddable":true,"href":"https:\/\/holgy.de\/index.php?rest_route=%2Fwp%2Fv2%2Fcomments&post=1305"}],"version-history":[{"count":2,"href":"https:\/\/holgy.de\/index.php?rest_route=\/wp\/v2\/pages\/1305\/revisions"}],"predecessor-version":[{"id":1313,"href":"https:\/\/holgy.de\/index.php?rest_route=\/wp\/v2\/pages\/1305\/revisions\/1313"}],"wp:attachment":[{"href":"https:\/\/holgy.de\/index.php?rest_route=%2Fwp%2Fv2%2Fmedia&parent=1305"}],"curies":[{"name":"wp","href":"https:\/\/api.w.org\/{rel}","templated":true}]}}