{"id":1400,"date":"2025-11-19T12:47:41","date_gmt":"2025-11-19T11:47:41","guid":{"rendered":"https:\/\/holgy.de\/?page_id=1400"},"modified":"2025-11-19T13:54:41","modified_gmt":"2025-11-19T12:54:41","slug":"teneriffa","status":"publish","type":"page","link":"https:\/\/holgy.de\/?page_id=1400","title":{"rendered":"Teneriffa"},"content":{"rendered":"\n<p>hier waren wir in &#8222;Porto de la Cruz&#8220;, vom Klima her war es f\u00fcr uns hier ideal und ab hier haben wir die Insel erkundet.<\/p>\n\n\n\n<p>Die erste Reise ging im M\u00e4rz 2015 hierher. Wir kamen unter die Fittiche von Anne und Josef, die beiden haben uns gut eingef\u00fchrt und dann sind wir bis 2020 immer im Februar\/M\u00e4rz f\u00fcr 10 bis 14 Tage hier gewesen. Es wurde auch immer eine andere Unterkunft gew\u00e4hlt, es sollte ja nicht langweilig werden. Es war eine sch\u00f6ne Zeit hier, egal wo wir auf der Insel hinkamen, die Menschen waren nett, freundlich und zuvorkommend. Dann kam Corona und die R\u00fcckreise war doch etwas chaotisch. <\/p>\n\n\n\n<p>Hier dann einige Bilder.<\/p>\n\n\n\n<figure class=\"wp-block-image size-large\"><img loading=\"lazy\" decoding=\"async\" width=\"1024\" height=\"768\" src=\"https:\/\/holgy.de\/wp-content\/uploads\/2023\/12\/IMG_20200311_135054-1024x768.jpg\" alt=\"\" class=\"wp-image-925\" srcset=\"https:\/\/holgy.de\/wp-content\/uploads\/2023\/12\/IMG_20200311_135054-1024x768.jpg 1024w, https:\/\/holgy.de\/wp-content\/uploads\/2023\/12\/IMG_20200311_135054-300x225.jpg 300w, https:\/\/holgy.de\/wp-content\/uploads\/2023\/12\/IMG_20200311_135054-768x576.jpg 768w, https:\/\/holgy.de\/wp-content\/uploads\/2023\/12\/IMG_20200311_135054-1536x1152.jpg 1536w, https:\/\/holgy.de\/wp-content\/uploads\/2023\/12\/IMG_20200311_135054-2048x1536.jpg 2048w, https:\/\/holgy.de\/wp-content\/uploads\/2023\/12\/IMG_20200311_135054-1200x900.jpg 1200w\" sizes=\"auto, (max-width: 709px) 85vw, (max-width: 909px) 67vw, (max-width: 1362px) 62vw, 840px\" \/><figcaption class=\"wp-element-caption\">f\u00fcr die Touristen<\/figcaption><\/figure>\n\n\n\n<figure class=\"wp-block-image size-large\"><img loading=\"lazy\" decoding=\"async\" width=\"649\" height=\"1024\" src=\"https:\/\/holgy.de\/wp-content\/uploads\/2023\/12\/IMG_20200312_142100-649x1024.jpg\" alt=\"\" class=\"wp-image-927\" srcset=\"https:\/\/holgy.de\/wp-content\/uploads\/2023\/12\/IMG_20200312_142100-649x1024.jpg 649w, https:\/\/holgy.de\/wp-content\/uploads\/2023\/12\/IMG_20200312_142100-190x300.jpg 190w, https:\/\/holgy.de\/wp-content\/uploads\/2023\/12\/IMG_20200312_142100-768x1211.jpg 768w, https:\/\/holgy.de\/wp-content\/uploads\/2023\/12\/IMG_20200312_142100-974x1536.jpg 974w, https:\/\/holgy.de\/wp-content\/uploads\/2023\/12\/IMG_20200312_142100-1298x2048.jpg 1298w, https:\/\/holgy.de\/wp-content\/uploads\/2023\/12\/IMG_20200312_142100-1200x1893.jpg 1200w, https:\/\/holgy.de\/wp-content\/uploads\/2023\/12\/IMG_20200312_142100.jpg 1306w\" sizes=\"auto, (max-width: 649px) 85vw, 649px\" \/><figcaption class=\"wp-element-caption\">Echsen in der Sonne<\/figcaption><\/figure>\n\n\n\n<figure class=\"wp-block-image size-large\"><img loading=\"lazy\" decoding=\"async\" width=\"768\" height=\"1024\" src=\"https:\/\/holgy.de\/wp-content\/uploads\/2023\/12\/IMG_20200308_185448-768x1024.jpg\" alt=\"\" class=\"wp-image-924\" srcset=\"https:\/\/holgy.de\/wp-content\/uploads\/2023\/12\/IMG_20200308_185448-768x1024.jpg 768w, https:\/\/holgy.de\/wp-content\/uploads\/2023\/12\/IMG_20200308_185448-225x300.jpg 225w, https:\/\/holgy.de\/wp-content\/uploads\/2023\/12\/IMG_20200308_185448-1152x1536.jpg 1152w, https:\/\/holgy.de\/wp-content\/uploads\/2023\/12\/IMG_20200308_185448-1536x2048.jpg 1536w, https:\/\/holgy.de\/wp-content\/uploads\/2023\/12\/IMG_20200308_185448-1200x1600.jpg 1200w, https:\/\/holgy.de\/wp-content\/uploads\/2023\/12\/IMG_20200308_185448-scaled.jpg 1920w\" sizes=\"auto, (max-width: 768px) 85vw, 768px\" \/><figcaption class=\"wp-element-caption\">San Telmo<\/figcaption><\/figure>\n\n\n\n<figure class=\"wp-block-image size-large\"><img loading=\"lazy\" decoding=\"async\" width=\"1024\" height=\"768\" src=\"https:\/\/holgy.de\/wp-content\/uploads\/2023\/12\/IMG_20200311_190649-1024x768.jpg\" alt=\"\" class=\"wp-image-926\" srcset=\"https:\/\/holgy.de\/wp-content\/uploads\/2023\/12\/IMG_20200311_190649-1024x768.jpg 1024w, https:\/\/holgy.de\/wp-content\/uploads\/2023\/12\/IMG_20200311_190649-300x225.jpg 300w, https:\/\/holgy.de\/wp-content\/uploads\/2023\/12\/IMG_20200311_190649-768x576.jpg 768w, https:\/\/holgy.de\/wp-content\/uploads\/2023\/12\/IMG_20200311_190649-1536x1152.jpg 1536w, https:\/\/holgy.de\/wp-content\/uploads\/2023\/12\/IMG_20200311_190649-2048x1536.jpg 2048w, https:\/\/holgy.de\/wp-content\/uploads\/2023\/12\/IMG_20200311_190649-1200x900.jpg 1200w\" sizes=\"auto, (max-width: 709px) 85vw, (max-width: 909px) 67vw, (max-width: 1362px) 62vw, 840px\" \/><figcaption class=\"wp-element-caption\">Sonnenuntergang<\/figcaption><\/figure>\n","protected":false},"excerpt":{"rendered":"<p>hier waren wir in &#8222;Porto de la Cruz&#8220;, vom Klima her war es f\u00fcr uns hier ideal und ab hier haben wir die Insel erkundet. Die erste Reise ging im M\u00e4rz 2015 hierher. Wir kamen unter die Fittiche von Anne und Josef, die beiden haben uns gut eingef\u00fchrt und dann sind wir bis 2020 immer &hellip; <a href=\"https:\/\/holgy.de\/?page_id=1400\" class=\"more-link\"><span class=\"screen-reader-text\">\u201eTeneriffa\u201c <\/span>weiterlesen<\/a><\/p>\n","protected":false},"author":1,"featured_media":0,"parent":0,"menu_order":0,"comment_status":"closed","ping_status":"closed","template":"","meta":{"footnotes":""},"class_list":["post-1400","page","type-page","status-publish","hentry"],"jetpack_sharing_enabled":true,"_links":{"self":[{"href":"https:\/\/holgy.de\/index.php?rest_route=\/wp\/v2\/pages\/1400","targetHints":{"allow":["GET"]}}],"collection":[{"href":"https:\/\/holgy.de\/index.php?rest_route=\/wp\/v2\/pages"}],"about":[{"href":"https:\/\/holgy.de\/index.php?rest_route=\/wp\/v2\/types\/page"}],"author":[{"embeddable":true,"href":"https:\/\/holgy.de\/index.php?rest_route=\/wp\/v2\/users\/1"}],"replies":[{"embeddable":true,"href":"https:\/\/holgy.de\/index.php?rest_route=%2Fwp%2Fv2%2Fcomments&post=1400"}],"version-history":[{"count":5,"href":"https:\/\/holgy.de\/index.php?rest_route=\/wp\/v2\/pages\/1400\/revisions"}],"predecessor-version":[{"id":1418,"href":"https:\/\/holgy.de\/index.php?rest_route=\/wp\/v2\/pages\/1400\/revisions\/1418"}],"wp:attachment":[{"href":"https:\/\/holgy.de\/index.php?rest_route=%2Fwp%2Fv2%2Fmedia&parent=1400"}],"curies":[{"name":"wp","href":"https:\/\/api.w.org\/{rel}","templated":true}]}}