{"id":1408,"date":"2025-11-19T13:26:30","date_gmt":"2025-11-19T12:26:30","guid":{"rendered":"https:\/\/holgy.de\/?page_id=1408"},"modified":"2025-11-19T13:28:18","modified_gmt":"2025-11-19T12:28:18","slug":"mallorca-09-2018","status":"publish","type":"page","link":"https:\/\/holgy.de\/?page_id=1408","title":{"rendered":"Mallorca 09\/2018"},"content":{"rendered":"\n<p>Wir dachten so lass uns mal im September nach Mallorca fliegen dann ist es nicht so warm. Tja wir wurden eines besseren belehrt. Ist nicht so meins, diese W\u00e4rme l\u00f6st leiden in  mir aus. Ein wenig warm ist gut aber Hitze, nein danke. Nun ja, diese Reise wurde im Reiseb\u00fcro gebucht, tolles Hotel, dritte reihe vom Strand also nicht ganz so trubelig, der echte Ballermann war auch etwas weiter weg. Der Flug ab Hamburg nach Palma verlief Problemlos. Der Transfer zum Hotel war etwas holperig aber ganz gut. unser Zimmer lag nach hinten raus, \u00fcber der K\u00fcche und in der N\u00e4he der Zentralen Klimaanlage. Gut das wir Tags\u00fcber unterwegs waren, dieser L\u00fcfter war echt laut. Leider gab es zur dem Zeitpunkt kein anderes freies Zimmer, also Ohren zu und durch. Im gro\u00dfen und ganzen werden wir diese Insel noch einmal besuchen und weiter erkunden.<\/p>\n\n\n\n<p>Nun ein paar Bilder <\/p>\n\n\n\n<figure class=\"wp-block-gallery has-nested-images columns-default is-cropped wp-block-gallery-1 is-layout-flex wp-block-gallery-is-layout-flex\">\n<figure class=\"wp-block-image size-large\"><img loading=\"lazy\" decoding=\"async\" width=\"1024\" height=\"576\" data-id=\"938\" src=\"https:\/\/holgy.de\/wp-content\/uploads\/2023\/12\/P1020062-1024x576.jpg\" alt=\"\" class=\"wp-image-938\" srcset=\"https:\/\/holgy.de\/wp-content\/uploads\/2023\/12\/P1020062-1024x576.jpg 1024w, https:\/\/holgy.de\/wp-content\/uploads\/2023\/12\/P1020062-300x169.jpg 300w, https:\/\/holgy.de\/wp-content\/uploads\/2023\/12\/P1020062-768x432.jpg 768w, https:\/\/holgy.de\/wp-content\/uploads\/2023\/12\/P1020062-1536x863.jpg 1536w, https:\/\/holgy.de\/wp-content\/uploads\/2023\/12\/P1020062-2048x1151.jpg 2048w, https:\/\/holgy.de\/wp-content\/uploads\/2023\/12\/P1020062-1200x675.jpg 1200w\" sizes=\"auto, (max-width: 709px) 85vw, (max-width: 909px) 67vw, (max-width: 1362px) 62vw, 840px\" \/><figcaption class=\"wp-element-caption\">Porto Cristo<\/figcaption><\/figure>\n\n\n\n<figure class=\"wp-block-image size-large\"><img loading=\"lazy\" decoding=\"async\" width=\"576\" height=\"1024\" data-id=\"937\" src=\"https:\/\/holgy.de\/wp-content\/uploads\/2023\/12\/P1020102-576x1024.jpg\" alt=\"\" class=\"wp-image-937\" srcset=\"https:\/\/holgy.de\/wp-content\/uploads\/2023\/12\/P1020102-576x1024.jpg 576w, https:\/\/holgy.de\/wp-content\/uploads\/2023\/12\/P1020102-169x300.jpg 169w, https:\/\/holgy.de\/wp-content\/uploads\/2023\/12\/P1020102-768x1366.jpg 768w, https:\/\/holgy.de\/wp-content\/uploads\/2023\/12\/P1020102-863x1536.jpg 863w, https:\/\/holgy.de\/wp-content\/uploads\/2023\/12\/P1020102-1151x2048.jpg 1151w, https:\/\/holgy.de\/wp-content\/uploads\/2023\/12\/P1020102-1200x2135.jpg 1200w, https:\/\/holgy.de\/wp-content\/uploads\/2023\/12\/P1020102-scaled.jpg 1439w\" sizes=\"auto, (max-width: 576px) 85vw, 576px\" \/><figcaption class=\"wp-element-caption\">Palma Innenstadt<\/figcaption><\/figure>\n\n\n\n<figure class=\"wp-block-image size-large\"><img loading=\"lazy\" decoding=\"async\" width=\"1024\" height=\"505\" data-id=\"936\" src=\"https:\/\/holgy.de\/wp-content\/uploads\/2023\/12\/IMG_20180922_142912-1024x505.jpg\" alt=\"\" class=\"wp-image-936\" srcset=\"https:\/\/holgy.de\/wp-content\/uploads\/2023\/12\/IMG_20180922_142912-1024x505.jpg 1024w, https:\/\/holgy.de\/wp-content\/uploads\/2023\/12\/IMG_20180922_142912-300x148.jpg 300w, https:\/\/holgy.de\/wp-content\/uploads\/2023\/12\/IMG_20180922_142912-768x379.jpg 768w, https:\/\/holgy.de\/wp-content\/uploads\/2023\/12\/IMG_20180922_142912-1536x757.jpg 1536w, https:\/\/holgy.de\/wp-content\/uploads\/2023\/12\/IMG_20180922_142912-2048x1010.jpg 2048w, https:\/\/holgy.de\/wp-content\/uploads\/2023\/12\/IMG_20180922_142912-1200x592.jpg 1200w\" sizes=\"auto, (max-width: 709px) 85vw, (max-width: 909px) 67vw, (max-width: 1362px) 62vw, 840px\" \/><figcaption class=\"wp-element-caption\">es gr\u00fcnt so sch\u00f6n<\/figcaption><\/figure>\n\n\n\n<figure class=\"wp-block-image size-large\"><img loading=\"lazy\" decoding=\"async\" width=\"1024\" height=\"505\" data-id=\"935\" src=\"https:\/\/holgy.de\/wp-content\/uploads\/2023\/12\/IMG_20180922_094320-1024x505.jpg\" alt=\"\" class=\"wp-image-935\" srcset=\"https:\/\/holgy.de\/wp-content\/uploads\/2023\/12\/IMG_20180922_094320-1024x505.jpg 1024w, https:\/\/holgy.de\/wp-content\/uploads\/2023\/12\/IMG_20180922_094320-300x148.jpg 300w, https:\/\/holgy.de\/wp-content\/uploads\/2023\/12\/IMG_20180922_094320-768x379.jpg 768w, https:\/\/holgy.de\/wp-content\/uploads\/2023\/12\/IMG_20180922_094320-1536x757.jpg 1536w, https:\/\/holgy.de\/wp-content\/uploads\/2023\/12\/IMG_20180922_094320-2048x1010.jpg 2048w, https:\/\/holgy.de\/wp-content\/uploads\/2023\/12\/IMG_20180922_094320-1200x592.jpg 1200w\" sizes=\"auto, (max-width: 709px) 85vw, (max-width: 909px) 67vw, (max-width: 1362px) 62vw, 840px\" \/><figcaption class=\"wp-element-caption\">Holzb\u00e4nke<\/figcaption><\/figure>\n\n\n\n<figure class=\"wp-block-image size-large\"><img loading=\"lazy\" decoding=\"async\" width=\"1024\" height=\"768\" data-id=\"934\" src=\"https:\/\/holgy.de\/wp-content\/uploads\/2023\/12\/IMG_20180920_112457-1024x768.jpg\" alt=\"\" class=\"wp-image-934\" srcset=\"https:\/\/holgy.de\/wp-content\/uploads\/2023\/12\/IMG_20180920_112457-1024x768.jpg 1024w, https:\/\/holgy.de\/wp-content\/uploads\/2023\/12\/IMG_20180920_112457-300x225.jpg 300w, https:\/\/holgy.de\/wp-content\/uploads\/2023\/12\/IMG_20180920_112457-768x576.jpg 768w, https:\/\/holgy.de\/wp-content\/uploads\/2023\/12\/IMG_20180920_112457-1536x1152.jpg 1536w, https:\/\/holgy.de\/wp-content\/uploads\/2023\/12\/IMG_20180920_112457-2048x1536.jpg 2048w, https:\/\/holgy.de\/wp-content\/uploads\/2023\/12\/IMG_20180920_112457-1200x900.jpg 1200w\" sizes=\"auto, (max-width: 709px) 85vw, (max-width: 909px) 67vw, (max-width: 1362px) 62vw, 840px\" \/><figcaption class=\"wp-element-caption\">Mittelmeer<\/figcaption><\/figure>\n\n\n\n<figure class=\"wp-block-image size-large\"><img loading=\"lazy\" decoding=\"async\" width=\"768\" height=\"1024\" data-id=\"933\" src=\"https:\/\/holgy.de\/wp-content\/uploads\/2023\/12\/IMG_20180919_114552-768x1024.jpg\" alt=\"\" class=\"wp-image-933\" srcset=\"https:\/\/holgy.de\/wp-content\/uploads\/2023\/12\/IMG_20180919_114552-768x1024.jpg 768w, https:\/\/holgy.de\/wp-content\/uploads\/2023\/12\/IMG_20180919_114552-225x300.jpg 225w, https:\/\/holgy.de\/wp-content\/uploads\/2023\/12\/IMG_20180919_114552-1152x1536.jpg 1152w, https:\/\/holgy.de\/wp-content\/uploads\/2023\/12\/IMG_20180919_114552-1536x2048.jpg 1536w, https:\/\/holgy.de\/wp-content\/uploads\/2023\/12\/IMG_20180919_114552-1200x1600.jpg 1200w, https:\/\/holgy.de\/wp-content\/uploads\/2023\/12\/IMG_20180919_114552-scaled.jpg 1920w\" sizes=\"auto, (max-width: 768px) 85vw, 768px\" \/><figcaption class=\"wp-element-caption\">Prost<\/figcaption><\/figure>\n\n\n\n<figure class=\"wp-block-image size-large\"><img loading=\"lazy\" decoding=\"async\" width=\"1024\" height=\"576\" data-id=\"932\" src=\"https:\/\/holgy.de\/wp-content\/uploads\/2023\/12\/P1020018-1024x576.jpg\" alt=\"\" class=\"wp-image-932\" srcset=\"https:\/\/holgy.de\/wp-content\/uploads\/2023\/12\/P1020018-1024x576.jpg 1024w, https:\/\/holgy.de\/wp-content\/uploads\/2023\/12\/P1020018-300x169.jpg 300w, https:\/\/holgy.de\/wp-content\/uploads\/2023\/12\/P1020018-768x432.jpg 768w, https:\/\/holgy.de\/wp-content\/uploads\/2023\/12\/P1020018-1536x863.jpg 1536w, https:\/\/holgy.de\/wp-content\/uploads\/2023\/12\/P1020018-2048x1151.jpg 2048w, https:\/\/holgy.de\/wp-content\/uploads\/2023\/12\/P1020018-1200x675.jpg 1200w\" sizes=\"auto, (max-width: 709px) 85vw, (max-width: 909px) 67vw, (max-width: 1362px) 62vw, 840px\" \/><figcaption class=\"wp-element-caption\">Port de S\u00f3ller<\/figcaption><\/figure>\n\n\n\n<figure class=\"wp-block-image size-large\"><img loading=\"lazy\" decoding=\"async\" width=\"1024\" height=\"576\" data-id=\"931\" src=\"https:\/\/holgy.de\/wp-content\/uploads\/2023\/12\/P1010995-1024x576.jpg\" alt=\"\" class=\"wp-image-931\" srcset=\"https:\/\/holgy.de\/wp-content\/uploads\/2023\/12\/P1010995-1024x576.jpg 1024w, https:\/\/holgy.de\/wp-content\/uploads\/2023\/12\/P1010995-300x169.jpg 300w, https:\/\/holgy.de\/wp-content\/uploads\/2023\/12\/P1010995-768x432.jpg 768w, https:\/\/holgy.de\/wp-content\/uploads\/2023\/12\/P1010995-1536x863.jpg 1536w, https:\/\/holgy.de\/wp-content\/uploads\/2023\/12\/P1010995-2048x1151.jpg 2048w, https:\/\/holgy.de\/wp-content\/uploads\/2023\/12\/P1010995-1200x675.jpg 1200w\" sizes=\"auto, (max-width: 709px) 85vw, (max-width: 909px) 67vw, (max-width: 1362px) 62vw, 840px\" \/><figcaption class=\"wp-element-caption\">Strassenbahn <\/figcaption><\/figure>\n\n\n\n<figure class=\"wp-block-image size-large\"><img loading=\"lazy\" decoding=\"async\" width=\"1024\" height=\"576\" data-id=\"930\" src=\"https:\/\/holgy.de\/wp-content\/uploads\/2023\/12\/P1010966-1024x576.jpg\" alt=\"\" class=\"wp-image-930\" srcset=\"https:\/\/holgy.de\/wp-content\/uploads\/2023\/12\/P1010966-1024x576.jpg 1024w, https:\/\/holgy.de\/wp-content\/uploads\/2023\/12\/P1010966-300x169.jpg 300w, https:\/\/holgy.de\/wp-content\/uploads\/2023\/12\/P1010966-768x432.jpg 768w, https:\/\/holgy.de\/wp-content\/uploads\/2023\/12\/P1010966-1536x863.jpg 1536w, https:\/\/holgy.de\/wp-content\/uploads\/2023\/12\/P1010966-2048x1151.jpg 2048w, https:\/\/holgy.de\/wp-content\/uploads\/2023\/12\/P1010966-1200x675.jpg 1200w\" sizes=\"auto, (max-width: 709px) 85vw, (max-width: 909px) 67vw, (max-width: 1362px) 62vw, 840px\" \/><figcaption class=\"wp-element-caption\">Palma<\/figcaption><\/figure>\n<\/figure>\n","protected":false},"excerpt":{"rendered":"<p>Wir dachten so lass uns mal im September nach Mallorca fliegen dann ist es nicht so warm. Tja wir wurden eines besseren belehrt. Ist nicht so meins, diese W\u00e4rme l\u00f6st leiden in mir aus. Ein wenig warm ist gut aber Hitze, nein danke. Nun ja, diese Reise wurde im Reiseb\u00fcro gebucht, tolles Hotel, dritte reihe &hellip; <a href=\"https:\/\/holgy.de\/?page_id=1408\" class=\"more-link\"><span class=\"screen-reader-text\">\u201eMallorca 09\/2018\u201c <\/span>weiterlesen<\/a><\/p>\n","protected":false},"author":1,"featured_media":0,"parent":1403,"menu_order":0,"comment_status":"closed","ping_status":"closed","template":"","meta":{"footnotes":""},"class_list":["post-1408","page","type-page","status-publish","hentry"],"jetpack_sharing_enabled":true,"_links":{"self":[{"href":"https:\/\/holgy.de\/index.php?rest_route=\/wp\/v2\/pages\/1408","targetHints":{"allow":["GET"]}}],"collection":[{"href":"https:\/\/holgy.de\/index.php?rest_route=\/wp\/v2\/pages"}],"about":[{"href":"https:\/\/holgy.de\/index.php?rest_route=\/wp\/v2\/types\/page"}],"author":[{"embeddable":true,"href":"https:\/\/holgy.de\/index.php?rest_route=\/wp\/v2\/users\/1"}],"replies":[{"embeddable":true,"href":"https:\/\/holgy.de\/index.php?rest_route=%2Fwp%2Fv2%2Fcomments&post=1408"}],"version-history":[{"count":2,"href":"https:\/\/holgy.de\/index.php?rest_route=\/wp\/v2\/pages\/1408\/revisions"}],"predecessor-version":[{"id":1411,"href":"https:\/\/holgy.de\/index.php?rest_route=\/wp\/v2\/pages\/1408\/revisions\/1411"}],"up":[{"embeddable":true,"href":"https:\/\/holgy.de\/index.php?rest_route=\/wp\/v2\/pages\/1403"}],"wp:attachment":[{"href":"https:\/\/holgy.de\/index.php?rest_route=%2Fwp%2Fv2%2Fmedia&parent=1408"}],"curies":[{"name":"wp","href":"https:\/\/api.w.org\/{rel}","templated":true}]}}