{"id":1451,"date":"2025-11-23T19:33:51","date_gmt":"2025-11-23T18:33:51","guid":{"rendered":"https:\/\/holgy.de\/?page_id=1451"},"modified":"2025-11-23T19:33:51","modified_gmt":"2025-11-23T18:33:51","slug":"daten-der-luebeck-ii","status":"publish","type":"page","link":"https:\/\/holgy.de\/?page_id=1451","title":{"rendered":"Daten der L\u00fcbeck II"},"content":{"rendered":"\n<p><\/p>\n\n\n\n<p>Name :KRB 203<br \/>Nation \/ Flagge : DEU<br \/>Unterscheidungssignal :DVTI<br \/>Kategorie : Seenotfahrzeug<br \/>Unterkategorie : Seenotrettungsboot<br \/>Schiffstyp :K\u00fcstenrettungsboot (K\u00fcstenn\u00e4he)<br \/>Untertyp :Typ B = f\u00fcr unmittelbare K\u00fcstenn\u00e4he und Wattgebiete<br \/>Zivilname :L\u00dcBECK II<br \/>Bauwerft :August Pahl, Hamburg Finkenw\u00e4rder<br \/>Baunummer :241<br \/>Baujahr :1942<br \/>Besitzer :Deutsche Gesellschaft zur Rettung Schiffbr\u00fcchiger (DGzRS)<br \/>Aufsichtsbeh\u00f6rde: O.K.L. \/ O.K.M.<br \/>Indienstgestellt :00.08.1942<\/p>\n\n\n\n<p>Technische Daten<br>Name \/ Untertyp :<br>Typ B = f\u00fcr unmittelbare K\u00fcstenn\u00e4he und Wattgebiete<br>Gr\u00f6\u00dfe :30 t<br>L\u00e4nge (m) :13,00<br>Breite (m) :3,80<br>Tiefgang (m) :1,35<br>Leistung Gesamt (ps) :200 e<br>Geschwindigkeit (kn) :8,5<br>Antrieb :1x MWM 6 Zyl., 4takt DM<br>Reichweite (sm) :400 sm \/ 8 kn<br>Schiffscronik<br>00.08.1942 &#8211; 00.00.1957 DGzRS-Kennung: KRA 203, In Fahrt als L\u00dcBECK II, Stationiert auf Wangerooge.<br>&#8211; 18.11.1943 Seenotbereichskdo. 5 \/ Wangerooge.<br>&#8211; 00.00.1945 R\u00fcckgabe an DgzRS.<br>&#8211; 00.00.1955 Turmeinbau auf der DGzRS Werft in Bremen.<br>&#8211; 00.00.1957- 00.06.1958 Stationiert auf Friedrichskoog.<br>&#8211; 00.06.1958- 00.07.1967 Stationiert auf Maasholm.<br>&#8211; 00.07.1967 Au\u00dfer Dienst gestellt und an das Schlepper und Bergungsunternehmen Hans Schramm, Brunsb\u00fcttel verkauft. Unter den Namen M\u00d6WE als Bereisungs- und Begleitschiff eingesetzt. Dann auf die Insel Borkum verkauft und als Hochseeangelboot umgebaut.<br>&#8211; 00.12.2006 Als Motoryacht MARTINA \/ Leer noch vorhanden.<br>-00.08.2024 abgewrackt<\/p>\n\n\n\n<p>Daten entnommen aus &#8222;<a href=\"https:\/\/www.historisches-marinearchiv.de\/projekte\/luftwaffen_schiffe\/ausgabe.php?where_value=502\" target=\"_blank\" rel=\"noreferrer noopener\">historisches Marinearchiv<\/a>&#8222;<\/p>\n","protected":false},"excerpt":{"rendered":"<p>Name :KRB 203Nation \/ Flagge : DEUUnterscheidungssignal :DVTIKategorie : SeenotfahrzeugUnterkategorie : SeenotrettungsbootSchiffstyp :K\u00fcstenrettungsboot (K\u00fcstenn\u00e4he)Untertyp :Typ B = f\u00fcr unmittelbare K\u00fcstenn\u00e4he und WattgebieteZivilname :L\u00dcBECK IIBauwerft :August Pahl, Hamburg Finkenw\u00e4rderBaunummer :241Baujahr :1942Besitzer :Deutsche Gesellschaft zur Rettung Schiffbr\u00fcchiger (DGzRS)Aufsichtsbeh\u00f6rde: O.K.L. \/ O.K.M.Indienstgestellt :00.08.1942 Technische DatenName \/ Untertyp :Typ B = f\u00fcr unmittelbare K\u00fcstenn\u00e4he und WattgebieteGr\u00f6\u00dfe :30 tL\u00e4nge (m) &hellip; <a href=\"https:\/\/holgy.de\/?page_id=1451\" class=\"more-link\"><span class=\"screen-reader-text\">\u201eDaten der L\u00fcbeck II\u201c <\/span>weiterlesen<\/a><\/p>\n","protected":false},"author":1,"featured_media":0,"parent":81,"menu_order":0,"comment_status":"closed","ping_status":"closed","template":"","meta":{"footnotes":""},"class_list":["post-1451","page","type-page","status-publish","hentry"],"jetpack_sharing_enabled":true,"_links":{"self":[{"href":"https:\/\/holgy.de\/index.php?rest_route=\/wp\/v2\/pages\/1451","targetHints":{"allow":["GET"]}}],"collection":[{"href":"https:\/\/holgy.de\/index.php?rest_route=\/wp\/v2\/pages"}],"about":[{"href":"https:\/\/holgy.de\/index.php?rest_route=\/wp\/v2\/types\/page"}],"author":[{"embeddable":true,"href":"https:\/\/holgy.de\/index.php?rest_route=\/wp\/v2\/users\/1"}],"replies":[{"embeddable":true,"href":"https:\/\/holgy.de\/index.php?rest_route=%2Fwp%2Fv2%2Fcomments&post=1451"}],"version-history":[{"count":0,"href":"https:\/\/holgy.de\/index.php?rest_route=\/wp\/v2\/pages\/1451\/revisions"}],"up":[{"embeddable":true,"href":"https:\/\/holgy.de\/index.php?rest_route=\/wp\/v2\/pages\/81"}],"wp:attachment":[{"href":"https:\/\/holgy.de\/index.php?rest_route=%2Fwp%2Fv2%2Fmedia&parent=1451"}],"curies":[{"name":"wp","href":"https:\/\/api.w.org\/{rel}","templated":true}]}}