{"id":19,"date":"2021-08-17T20:24:57","date_gmt":"2021-08-17T18:24:57","guid":{"rendered":"http:\/\/holgy.de\/?page_id=19"},"modified":"2025-11-18T15:28:54","modified_gmt":"2025-11-18T14:28:54","slug":"urlaub","status":"publish","type":"page","link":"https:\/\/holgy.de\/?page_id=19","title":{"rendered":"unsere Urlaube"},"content":{"rendered":"\n<p>finden meistens in Skandinavien oder auch mal auf den Kanarischen Inseln statt.<\/p>\n\n\n\n<p>Auch die USA, hier besonders Florida und Tja nach <strong><a href=\"https:\/\/de.wikipedia.org\/wiki\/D%C3%A4nemark\">D\u00e4nemark <\/a><\/strong>hat uns mein gro\u00dfer Bruder gebracht. Der erste Urlaub in D\u00e4nemark war im Dezember 2003 in <a href=\"https:\/\/maps.app.goo.gl\/5r8eHq18h2fABQJZ8\" target=\"_blank\" rel=\"noreferrer noopener\">Gjellerodde<\/a>. Das liegt am Limfjord und damit fast an der Nordsee, die n\u00e4chst gr\u00f6\u00dfte Stadt ist Lemvig. Das der \u00f6rtliche Vermieter so einige pers\u00f6nliche Probleme hatte, da kamen wir allerdings erst sp\u00e4ter hinter, der h\u00e4tte jedenfalls fast unser erstes Urlaubserlebnis ruiniert. Unsere jetzigen Ferienh\u00e4usern in D\u00e4nemark buchen wir immer \u00fcber <strong><a href=\"http:\/\/www.fejo.dk\">Fejo<\/a><\/strong>.dk. Eine tolle Plattform die fast alle Anbieter im Bestand hat. (unbezahlte Werbung)<\/p>\n\n\n\n<p><\/p>\n\n\n\n<p><strong>Teneriffa<\/strong>, also \u00fcberhaupt die Kanarischen Inseln und auch <strong>Mallorca <\/strong>haben wir meinem Schwager aus Osnabr\u00fcck zu verdanken, der hat uns &#8222;Gr\u00fcnschn\u00e4bel&#8220; hier gut eingef\u00fcgt und angef\u00fcttert. Im laufe der Jahre haben wir allerdings fast alles gesehen oder erlebt. der letzte Urlaub auf Teneriffa endete mit dem Begin der Corona Pandemie.<\/p>\n\n\n\n<p>Im Moment orientieren wir uns wieder mehr auf Nordeuropa und Deutschland.<\/p>\n\n\n\n<p>Unsere letzten Urlaube haben wir \u00fcberwiegend in D\u00e4nemark verbracht. Die Insel Laeso haben wir im September 2007, zu meinem 50sten, das erste mal betreten und sind seid dem mindestens 1 mal im Jahr dort. Das Festland im n\u00f6rdlichen Bereich sowie auch auf Seeland in der N\u00e4he von Kopenhagen waren auch unsere Ziele. Es ist immer wieder sch\u00f6n hierher zu fahren, alles doch entspannt. Wir haben es leider vers\u00e4umt uns etwas tiefer in das d\u00e4nische Vokabular zu begeben. tja jetzt mit fast 70 Lebensjahren ist es etwas zu sp\u00e4t. <\/p>\n\n\n\n<p><\/p>\n","protected":false},"excerpt":{"rendered":"<p>finden meistens in Skandinavien oder auch mal auf den Kanarischen Inseln statt. Auch die USA, hier besonders Florida und Tja nach D\u00e4nemark hat uns mein gro\u00dfer Bruder gebracht. Der erste Urlaub in D\u00e4nemark war im Dezember 2003 in Gjellerodde. Das liegt am Limfjord und damit fast an der Nordsee, die n\u00e4chst gr\u00f6\u00dfte Stadt ist Lemvig. &hellip; <a href=\"https:\/\/holgy.de\/?page_id=19\" class=\"more-link\"><span class=\"screen-reader-text\">\u201eunsere Urlaube\u201c <\/span>weiterlesen<\/a><\/p>\n","protected":false},"author":1,"featured_media":0,"parent":0,"menu_order":0,"comment_status":"closed","ping_status":"closed","template":"","meta":{"footnotes":""},"class_list":["post-19","page","type-page","status-publish","hentry"],"jetpack_sharing_enabled":true,"_links":{"self":[{"href":"https:\/\/holgy.de\/index.php?rest_route=\/wp\/v2\/pages\/19","targetHints":{"allow":["GET"]}}],"collection":[{"href":"https:\/\/holgy.de\/index.php?rest_route=\/wp\/v2\/pages"}],"about":[{"href":"https:\/\/holgy.de\/index.php?rest_route=\/wp\/v2\/types\/page"}],"author":[{"embeddable":true,"href":"https:\/\/holgy.de\/index.php?rest_route=\/wp\/v2\/users\/1"}],"replies":[{"embeddable":true,"href":"https:\/\/holgy.de\/index.php?rest_route=%2Fwp%2Fv2%2Fcomments&post=19"}],"version-history":[{"count":10,"href":"https:\/\/holgy.de\/index.php?rest_route=\/wp\/v2\/pages\/19\/revisions"}],"predecessor-version":[{"id":1316,"href":"https:\/\/holgy.de\/index.php?rest_route=\/wp\/v2\/pages\/19\/revisions\/1316"}],"wp:attachment":[{"href":"https:\/\/holgy.de\/index.php?rest_route=%2Fwp%2Fv2%2Fmedia&parent=19"}],"curies":[{"name":"wp","href":"https:\/\/api.w.org\/{rel}","templated":true}]}}