{"id":389,"date":"2021-10-04T18:26:27","date_gmt":"2021-10-04T16:26:27","guid":{"rendered":"https:\/\/holgy.de\/?page_id=389"},"modified":"2021-10-04T18:26:27","modified_gmt":"2021-10-04T16:26:27","slug":"brunnendach","status":"publish","type":"page","link":"https:\/\/holgy.de\/?page_id=389","title":{"rendered":"Brunnendach"},"content":{"rendered":"\n<p>bei uns im Garten steht seid fast 35 Jahren ein Brunnen &#8211; Naja es eigentlich nur ein Schacht aus Betonringen (1,20m Durchmesser) die insgesamt ca. 3,50 m im Boden sind. <\/p>\n\n\n\n<p>Als das Neubaugebiet hinter uns erschlossen wurde, haben die M\u00f6glichkeit genutzt und 5 m Gr\u00fcnland dazu gekauft um etwas mehr Abstand zu unseren zuk\u00fcnftigen Nachbarn zu bekommen. Dieses Gr\u00fcnland wurde dann von einem Bagger zu einem Wall aufgearbeitet &#8211; Lehmkern und oben 20 cm Mutterboden drauf. Die Beflanzung wurde von uns selbst \u00fcbernommen. &#8211; <\/p>\n\n\n\n<p>Ich schweife ab, nun ja dieser Bagger macht uns das &#8222;Loch&#8220; in den Garten und nutze den Aushub gleichzeitig f\u00fcr den Wall, 3,50 kam er tief runter. Die Betonringe setzte er uns auch glech mit rein, die letzen beiden Ringe mussten wir allerdings mit der Hand einsetzen, was f\u00fcr ein gequ\u00e4le. das haben wir aber auch geschafft, meine Br\u00fcder halfen und gemeinsam haben wir es geschafft.<\/p>\n\n\n\n<p>Dann aber nach ca 25 Jahren, war es soweit, die alten Holzpalisaden an unserem Brunnen waren, im wahrsten Sinne des Wortes, vergammelt und wirklich nicht mehr sch\u00f6n anzusehen.<\/p>\n\n\n\n<p>Deshalb planten wir schon l\u00e4nger die Betonringe mit einem Verblender zu verzieren. Also mussten alle alten Palisaden inklusive der alten Dachkonstruktion entfernt werden. Ich konnte mich gar nicht daran erinnern die Balken soooo tief eingegraben zu haben.<\/p>\n\n\n\n<p>Was machen wir den f\u00fcr ein neues Dach? Nach einigem hin und her entschlie\u00dfen wir uns zu einem Pavillon nicht von der Stange, nein selbst gebaut. &nbsp;Wir haben uns einige Varianten im Internet&nbsp;angeschaut. Sechseckig oder achteckig das war hier die Frage, viereckig kam nicht infrage.&nbsp;<\/p>\n\n\n\n<p>Dann stand der Entschluss fest, es wird ein Achteck.&nbsp;Der Brunnen soll einen roten Stein bekommen und dann mit wei\u00dfen Kieseln umrahmt werden. Als Abgrenzung zum Rasen kommt ein breiter Betonstein und irgendwann einmal ein Granitstein&#8230;..wenn das Geld da ist.<\/p>\n\n\n\n<p>Wie beginne ich und was muss zuerst sein&#8230;&#8230; Letztendlich bin ich dann mit der Rasenkante angefangen, nichts ist bl\u00f6der als nachher diese Steine m\u00fchsam zuschneiden zu m\u00fcssen.&nbsp;<\/p>\n\n\n\n<p>Rasenkante als Achteck ausgelegt, vermittelt und dann den Rasen rundum ausgestochen.\u00a0<\/p>\n\n\n\n<div class=\"wp-block-image\"><figure class=\"aligncenter size-large is-resized\"><img loading=\"lazy\" decoding=\"async\" src=\"https:\/\/holgy.de\/wp-content\/uploads\/2021\/10\/Brunnen-01-1024x576.jpg\" alt=\"\" class=\"wp-image-408\" width=\"768\" height=\"432\" srcset=\"https:\/\/holgy.de\/wp-content\/uploads\/2021\/10\/Brunnen-01-1024x576.jpg 1024w, https:\/\/holgy.de\/wp-content\/uploads\/2021\/10\/Brunnen-01-300x169.jpg 300w, https:\/\/holgy.de\/wp-content\/uploads\/2021\/10\/Brunnen-01-768x432.jpg 768w, https:\/\/holgy.de\/wp-content\/uploads\/2021\/10\/Brunnen-01-1536x864.jpg 1536w, https:\/\/holgy.de\/wp-content\/uploads\/2021\/10\/Brunnen-01-810x456.jpg 810w, https:\/\/holgy.de\/wp-content\/uploads\/2021\/10\/Brunnen-01-1140x641.jpg 1140w, https:\/\/holgy.de\/wp-content\/uploads\/2021\/10\/Brunnen-01-533x300.jpg 533w, https:\/\/holgy.de\/wp-content\/uploads\/2021\/10\/Brunnen-01.jpg 1600w\" sizes=\"auto, (max-width: 768px) 85vw, 768px\" \/><\/figure><\/div>\n\n\n\n<div class=\"wp-block-image\"><figure class=\"aligncenter size-large is-resized\"><img loading=\"lazy\" decoding=\"async\" src=\"https:\/\/holgy.de\/wp-content\/uploads\/2021\/10\/Brunnen-02-1024x576.jpg\" alt=\"\" class=\"wp-image-409\" width=\"768\" height=\"432\" srcset=\"https:\/\/holgy.de\/wp-content\/uploads\/2021\/10\/Brunnen-02-1024x576.jpg 1024w, https:\/\/holgy.de\/wp-content\/uploads\/2021\/10\/Brunnen-02-300x169.jpg 300w, https:\/\/holgy.de\/wp-content\/uploads\/2021\/10\/Brunnen-02-768x432.jpg 768w, https:\/\/holgy.de\/wp-content\/uploads\/2021\/10\/Brunnen-02-1536x864.jpg 1536w, https:\/\/holgy.de\/wp-content\/uploads\/2021\/10\/Brunnen-02-810x456.jpg 810w, https:\/\/holgy.de\/wp-content\/uploads\/2021\/10\/Brunnen-02-1140x641.jpg 1140w, https:\/\/holgy.de\/wp-content\/uploads\/2021\/10\/Brunnen-02-533x300.jpg 533w, https:\/\/holgy.de\/wp-content\/uploads\/2021\/10\/Brunnen-02.jpg 1600w\" sizes=\"auto, (max-width: 768px) 85vw, 768px\" \/><\/figure><\/div>\n\n\n\n<p>In der Nachbarschaft zum Brunnen stand fr\u00fcher eine Pappel, dementsprechend waren auch m\u00e4chtige Wurzeln vorhanden. Alles musste raus, zum Abschluss wurden die Rasenkanten wieder eingesetzt und schon hatten wir einen netten Abschluss.<\/p>\n\n\n\n<p>Als n\u00e4chstes stand das Fundament f\u00fcr den Verblender auf dem Zettel. Anh\u00e4nger voll Sand, Betonmischer aus der Nachbarschaft geliehen und Zement waren schnell organisiert. Zur Sicherheit habe ich mir eine alte Plane unter den Betonmischer gelegt, als Laie kleckert es doch einmal und Betonreste vor der Garage sind nicht so chic. Es wurde also vorne vor der Garage gemischt und dann mittels Schubkarre in den G\u00e4rten gefahren.<\/p>\n\n\n\n<p>Nachdem abbinden ging es weiter, die Balkenschuhe wurden passend in den Boden geschlagen, liest und schreibt sich ganz einfach&#8230;&#8230; Ich bin daran fast verzweifelt. Es waren zum Schluss 1,20m Abstand, senkrecht muss er rein in der Boden, mehrfach mit der Wasserwaage kontrolliert. Klappte eigentlich ganz gut, wen man wei\u00df was man will, bzw wie es funktioniert.\u00a0<\/p>\n\n\n\n<p>Durch die leichte Hanglage bedingt, kauften wir Balken in 2,40m L\u00e4nge welche letztendlich auf der oberen Seite bis auf 1,85m gek\u00fcrzt werden mussten. Ein wenig Fummelig mit der Wasserwaage aber dann war es geschafft, die H\u00f6he des Ringbalken war festgelegt. Dann lief es fast wie von selbst. Alle Balken k\u00fcrzen und den &#8222;Ringbalken&#8220; erstellt. Immer 22,5 Grad von hinten ein Verbinder Blech und von oben eine dicke Schraube. Die Eckst\u00fctzen setzen und die &#8222;Sitzbalken&#8220; auf der richtigen H\u00f6he angebracht.\u00a0\u00a0 Rohbau fertig.<\/p>\n\n\n\n<div class=\"wp-block-image\"><figure class=\"aligncenter size-large is-resized\"><img loading=\"lazy\" decoding=\"async\" src=\"https:\/\/holgy.de\/wp-content\/uploads\/2021\/10\/Brunnen-03-1024x576.jpg\" alt=\"\" class=\"wp-image-410\" width=\"768\" height=\"432\" srcset=\"https:\/\/holgy.de\/wp-content\/uploads\/2021\/10\/Brunnen-03-1024x576.jpg 1024w, https:\/\/holgy.de\/wp-content\/uploads\/2021\/10\/Brunnen-03-300x169.jpg 300w, https:\/\/holgy.de\/wp-content\/uploads\/2021\/10\/Brunnen-03-768x432.jpg 768w, https:\/\/holgy.de\/wp-content\/uploads\/2021\/10\/Brunnen-03-1536x864.jpg 1536w, https:\/\/holgy.de\/wp-content\/uploads\/2021\/10\/Brunnen-03-810x456.jpg 810w, https:\/\/holgy.de\/wp-content\/uploads\/2021\/10\/Brunnen-03-1140x641.jpg 1140w, https:\/\/holgy.de\/wp-content\/uploads\/2021\/10\/Brunnen-03-533x300.jpg 533w, https:\/\/holgy.de\/wp-content\/uploads\/2021\/10\/Brunnen-03.jpg 1600w\" sizes=\"auto, (max-width: 768px) 85vw, 768px\" \/><\/figure><\/div>\n\n\n\n<div class=\"wp-block-image\"><figure class=\"aligncenter size-large is-resized\"><img loading=\"lazy\" decoding=\"async\" src=\"https:\/\/holgy.de\/wp-content\/uploads\/2021\/10\/Brunnen-04-1024x576.jpg\" alt=\"\" class=\"wp-image-411\" width=\"768\" height=\"432\" srcset=\"https:\/\/holgy.de\/wp-content\/uploads\/2021\/10\/Brunnen-04-1024x576.jpg 1024w, https:\/\/holgy.de\/wp-content\/uploads\/2021\/10\/Brunnen-04-300x169.jpg 300w, https:\/\/holgy.de\/wp-content\/uploads\/2021\/10\/Brunnen-04-768x432.jpg 768w, https:\/\/holgy.de\/wp-content\/uploads\/2021\/10\/Brunnen-04-1536x864.jpg 1536w, https:\/\/holgy.de\/wp-content\/uploads\/2021\/10\/Brunnen-04-810x456.jpg 810w, https:\/\/holgy.de\/wp-content\/uploads\/2021\/10\/Brunnen-04-1140x641.jpg 1140w, https:\/\/holgy.de\/wp-content\/uploads\/2021\/10\/Brunnen-04-533x300.jpg 533w, https:\/\/holgy.de\/wp-content\/uploads\/2021\/10\/Brunnen-04.jpg 1600w\" sizes=\"auto, (max-width: 768px) 85vw, 768px\" \/><\/figure><\/div>\n\n\n\n<div class=\"wp-block-image\"><figure class=\"aligncenter size-large is-resized\"><img loading=\"lazy\" decoding=\"async\" src=\"https:\/\/holgy.de\/wp-content\/uploads\/2021\/10\/Brunnen-05-1024x576.jpg\" alt=\"\" class=\"wp-image-412\" width=\"768\" height=\"432\" srcset=\"https:\/\/holgy.de\/wp-content\/uploads\/2021\/10\/Brunnen-05-1024x576.jpg 1024w, https:\/\/holgy.de\/wp-content\/uploads\/2021\/10\/Brunnen-05-300x169.jpg 300w, https:\/\/holgy.de\/wp-content\/uploads\/2021\/10\/Brunnen-05-768x432.jpg 768w, https:\/\/holgy.de\/wp-content\/uploads\/2021\/10\/Brunnen-05-1536x864.jpg 1536w, https:\/\/holgy.de\/wp-content\/uploads\/2021\/10\/Brunnen-05-810x456.jpg 810w, https:\/\/holgy.de\/wp-content\/uploads\/2021\/10\/Brunnen-05-1140x641.jpg 1140w, https:\/\/holgy.de\/wp-content\/uploads\/2021\/10\/Brunnen-05-533x300.jpg 533w, https:\/\/holgy.de\/wp-content\/uploads\/2021\/10\/Brunnen-05.jpg 1600w\" sizes=\"auto, (max-width: 768px) 85vw, 768px\" \/><\/figure><\/div>\n\n\n\n<p>Dann habe ich den Dachstuhl aufgesetzt, das ging auch leichter als gedacht. F\u00fcr den Mittelpunkt habe ich mir einen Kasten gebastelt, geleimt und verschraubt. Zwei Sparren angesetzt und dann mit Hilfe einer Mittelst\u00fctze auf die richtige H\u00f6he gebracht. Ja, ich gebe es zu, zwei- dreimal bin ich runtergefallen. \u00a0<\/p>\n\n\n\n<div class=\"wp-block-image\"><figure class=\"aligncenter size-large is-resized\"><img loading=\"lazy\" decoding=\"async\" src=\"https:\/\/holgy.de\/wp-content\/uploads\/2021\/10\/Brunnen-06-576x1024.jpg\" alt=\"\" class=\"wp-image-413\" width=\"432\" height=\"768\" srcset=\"https:\/\/holgy.de\/wp-content\/uploads\/2021\/10\/Brunnen-06-576x1024.jpg 576w, https:\/\/holgy.de\/wp-content\/uploads\/2021\/10\/Brunnen-06-169x300.jpg 169w, https:\/\/holgy.de\/wp-content\/uploads\/2021\/10\/Brunnen-06-768x1365.jpg 768w, https:\/\/holgy.de\/wp-content\/uploads\/2021\/10\/Brunnen-06-864x1536.jpg 864w, https:\/\/holgy.de\/wp-content\/uploads\/2021\/10\/Brunnen-06-810x1440.jpg 810w, https:\/\/holgy.de\/wp-content\/uploads\/2021\/10\/Brunnen-06.jpg 900w\" sizes=\"auto, (max-width: 432px) 85vw, 432px\" \/><\/figure><\/div>\n\n\n\n<div class=\"wp-block-image\"><figure class=\"aligncenter size-large is-resized\"><img loading=\"lazy\" decoding=\"async\" src=\"https:\/\/holgy.de\/wp-content\/uploads\/2021\/10\/Brunnen-07-1024x576.jpg\" alt=\"\" class=\"wp-image-414\" width=\"768\" height=\"432\" srcset=\"https:\/\/holgy.de\/wp-content\/uploads\/2021\/10\/Brunnen-07-1024x576.jpg 1024w, https:\/\/holgy.de\/wp-content\/uploads\/2021\/10\/Brunnen-07-300x169.jpg 300w, https:\/\/holgy.de\/wp-content\/uploads\/2021\/10\/Brunnen-07-768x432.jpg 768w, https:\/\/holgy.de\/wp-content\/uploads\/2021\/10\/Brunnen-07-1536x864.jpg 1536w, https:\/\/holgy.de\/wp-content\/uploads\/2021\/10\/Brunnen-07-810x456.jpg 810w, https:\/\/holgy.de\/wp-content\/uploads\/2021\/10\/Brunnen-07-1140x641.jpg 1140w, https:\/\/holgy.de\/wp-content\/uploads\/2021\/10\/Brunnen-07-533x300.jpg 533w, https:\/\/holgy.de\/wp-content\/uploads\/2021\/10\/Brunnen-07.jpg 1600w\" sizes=\"auto, (max-width: 768px) 85vw, 768px\" \/><\/figure><\/div>\n\n\n\n<p>Als n\u00e4chstetst kommt der Maurer&#8230;&#8230;nein keine Schwarzarbeit, es war ein Arbeitskollege der das mal gelernt hat und f\u00fcr Kost und Logis machte er es gerne f\u00fcr uns.\u00a0<\/p>\n\n\n\n<p>..der Maurer war da, aber langsam &#8211; eins nach dem anderem.<br><br>Mein Arbeitskollege, sagte mir zu das er unseren Brunnen ummauert. Ich brauchte also nur das Material besorgen. Tja, den Stein haben wir relativ schnell im Handel gefunden und per PKW Kofferraum nach Hause transportiert. 5 Sack Zement war auch nicht so schwer, au\u00dfer vom Gewicht her. Dann aber kam es, das Stichwort war &#8222;Maurerkalk&#8220; &#8212;&#8212; mit diesem Stichwort konnten meine Baum\u00e4rkte nichts mit anfangen, Fertigm\u00f6rtel ja und das in allen Varianten aber keinen &#8222;Maurerkalk&#8220; und das auch noch lose.<br><br>Dann half der Maurer, da rufst du mal bei &#8222;soundso&#8220; an und fragst danach. Gesagt getan&#8230;&#8230;.Ja, sowas haben wir &#8211; soll das hydraulischer oder wei\u00dfkalk sein? Ich w\u00e4re ja beinahe geplatzt&#8230;&#8230;&#8230;&#8230; Jetzt kaufe ich fertigm\u00f6rtel, basta!!!!<br>Mein Maurer beruhigte mich und sagte dann komm mal mit dem Anh\u00e4nger und wir treffen uns dann bei &#8222;soundso&#8220;. Gesagt getan, ich war gespannt was das wohl wird.<br>Rein in den &#8222;Baustoffhandel soundso&#8220;&#8230;.<br>&#8222;Mensch Eichi du hier&#8230;?&#8220;<br>&#8222;Ja ich mal wieder, sachma ich brauch Maurerkalk&#8220;<br>&#8222;Ja, wieviel denn?&#8220;<br>&#8222;ne halbe tonne reicht wohl.&#8220;<br>&#8220; Jupp, fahr mal nach hinten aufm Hof, ich sach denen Bescheid.&#8220;<br>Dann kam der kleine Radlader angefahren und belud ohne weitere Worte meinen Anh\u00e4nger mit Maurerkalk, mir fiel ja fast der Unterkiefer runter.<br><br>&#8230;&#8230;wurde ich nur verladen, damit ich den teureren Fertigm\u00f6rtel kaufe??<\/p>\n\n\n\n<p>f\u00fcr alle nichtwissende hier ein Link zu\u00a0 <a rel=\"noreferrer noopener\" href=\"http:\/\/de.wikipedia.org\/wiki\/Kalkm%C3%B6rtel\" target=\"_blank\">&#8222;Maurerkalk&#8220;<\/a>\u00a0<\/p>\n\n\n\n<p>Tage sp\u00e4ter war mein Frust verfallen und Eichi erschien p\u00fcnktlich an einem Montag recht fr\u00fch und begann sein Tagewerk. Ich war als Handlanger zust\u00e4ndig f\u00fcr das M\u00f6rtelmischen und Steine schleppen, sp\u00e4ter durfte ich dann auch Steine kloppen &#8211; halbieren war angesagt&#8230;&#8230;. am Abend waren wir dann beide fertig&#8230;im wahrsten Sinne des Wortes. Im Anschluss an diese Tortur grillten dann noch nett und ich fiel anschlie\u00dfend fast tot ins Bett&#8230;Platt f\u00fcr heute.<\/p>\n\n\n\n<p><br>DANKE f\u00fcr deine tolle Arbeit\/Hilfe &#8211; Eichi du bist der Beste! \ud83d\ude09 .<\/p>\n\n\n\n<div class=\"wp-block-image\"><figure class=\"aligncenter size-full\"><img loading=\"lazy\" decoding=\"async\" width=\"448\" height=\"252\" src=\"https:\/\/holgy.de\/wp-content\/uploads\/2021\/10\/Brunnen-08.jpg\" alt=\"\" class=\"wp-image-415\" srcset=\"https:\/\/holgy.de\/wp-content\/uploads\/2021\/10\/Brunnen-08.jpg 448w, https:\/\/holgy.de\/wp-content\/uploads\/2021\/10\/Brunnen-08-300x169.jpg 300w\" sizes=\"auto, (max-width: 448px) 85vw, 448px\" \/><\/figure><\/div>\n\n\n\n<div class=\"wp-block-image\"><figure class=\"aligncenter size-full\"><img loading=\"lazy\" decoding=\"async\" width=\"448\" height=\"252\" src=\"https:\/\/holgy.de\/wp-content\/uploads\/2021\/10\/Brunnen-09.jpg\" alt=\"\" class=\"wp-image-416\" srcset=\"https:\/\/holgy.de\/wp-content\/uploads\/2021\/10\/Brunnen-09.jpg 448w, https:\/\/holgy.de\/wp-content\/uploads\/2021\/10\/Brunnen-09-300x169.jpg 300w\" sizes=\"auto, (max-width: 448px) 85vw, 448px\" \/><\/figure><\/div>\n\n\n\n<p>wie man auf den Bildern deutlich sieht, ist das Fundament doch etwas breit geraten, also bin ich ein paar Tage sp\u00e4ter mit dem Bohrhammer dabei gewesen und habe es etwas schlanker gemacht.<br>Dann ging es los, Rauspund auf das Dach nageln, immer sch\u00f6n Felderweise von unten nach oben. Die fertige Fl\u00e4che bekam dann noch eine &#8222;Delta-Folie&#8220; als Abdeckung und wartet jetzt auf die Pappschindeln, die schon in der Garage liegen und nur darauf warten verarbeitet zu werden.<br>Auf Wunsch meines Schatzes wurde der Boden mit Wurzelschutzfolie und wei\u00dfen Steinen belegt.<br><\/p>\n\n\n\n<figure class=\"wp-block-gallery columns-2 is-cropped wp-block-gallery-1 is-layout-flex wp-block-gallery-is-layout-flex\"><ul class=\"blocks-gallery-grid\"><li class=\"blocks-gallery-item\"><figure><img loading=\"lazy\" decoding=\"async\" width=\"252\" height=\"448\" src=\"https:\/\/holgy.de\/wp-content\/uploads\/2021\/10\/Brunnen-10-1.jpg\" alt=\"\" data-id=\"419\" data-full-url=\"https:\/\/holgy.de\/wp-content\/uploads\/2021\/10\/Brunnen-10-1.jpg\" data-link=\"https:\/\/holgy.de\/?attachment_id=419\" class=\"wp-image-419\" srcset=\"https:\/\/holgy.de\/wp-content\/uploads\/2021\/10\/Brunnen-10-1.jpg 252w, https:\/\/holgy.de\/wp-content\/uploads\/2021\/10\/Brunnen-10-1-169x300.jpg 169w\" sizes=\"auto, (max-width: 252px) 85vw, 252px\" \/><\/figure><\/li><li class=\"blocks-gallery-item\"><figure><img loading=\"lazy\" decoding=\"async\" width=\"252\" height=\"448\" src=\"https:\/\/holgy.de\/wp-content\/uploads\/2021\/10\/Brunnen-11.jpg\" alt=\"\" data-id=\"418\" data-link=\"https:\/\/holgy.de\/?attachment_id=418\" class=\"wp-image-418\" srcset=\"https:\/\/holgy.de\/wp-content\/uploads\/2021\/10\/Brunnen-11.jpg 252w, https:\/\/holgy.de\/wp-content\/uploads\/2021\/10\/Brunnen-11-169x300.jpg 169w\" sizes=\"auto, (max-width: 252px) 85vw, 252px\" \/><\/figure><\/li><\/ul><\/figure>\n\n\n\n<p><\/p>\n\n\n\n<p>zuerst hatten wir oben auf der Spitze ein einfachen Metallbeh\u00e4lter gestellt, mit einem Stein beschwert hat er jahrelang gehalten, jetzt haben wir eine Kaminhaube aus Edelstahl montiert und der Clou ist &#8211;der dreht sich bei Wind sogar.<\/p>\n\n\n\n<div class=\"wp-block-image\"><figure class=\"aligncenter size-large\"><img loading=\"lazy\" decoding=\"async\" width=\"768\" height=\"1024\" src=\"https:\/\/holgy.de\/wp-content\/uploads\/2021\/10\/wp-1633354130244-768x1024.jpg\" alt=\"\" class=\"wp-image-392\" srcset=\"https:\/\/holgy.de\/wp-content\/uploads\/2021\/10\/wp-1633354130244-768x1024.jpg 768w, https:\/\/holgy.de\/wp-content\/uploads\/2021\/10\/wp-1633354130244-225x300.jpg 225w, https:\/\/holgy.de\/wp-content\/uploads\/2021\/10\/wp-1633354130244-810x1080.jpg 810w, https:\/\/holgy.de\/wp-content\/uploads\/2021\/10\/wp-1633354130244.jpg 1094w\" sizes=\"auto, (max-width: 768px) 85vw, 768px\" \/><figcaption>So sieht er heute aus.<\/figcaption><\/figure><\/div>\n","protected":false},"excerpt":{"rendered":"<p>bei uns im Garten steht seid fast 35 Jahren ein Brunnen &#8211; Naja es eigentlich nur ein Schacht aus Betonringen (1,20m Durchmesser) die insgesamt ca. 3,50 m im Boden sind. Als das Neubaugebiet hinter uns erschlossen wurde, haben die M\u00f6glichkeit genutzt und 5 m Gr\u00fcnland dazu gekauft um etwas mehr Abstand zu unseren zuk\u00fcnftigen Nachbarn &hellip; <a href=\"https:\/\/holgy.de\/?page_id=389\" class=\"more-link\"><span class=\"screen-reader-text\">\u201eBrunnendach\u201c <\/span>weiterlesen<\/a><\/p>\n","protected":false},"author":1,"featured_media":0,"parent":0,"menu_order":0,"comment_status":"closed","ping_status":"closed","template":"","meta":{"footnotes":""},"class_list":["post-389","page","type-page","status-publish","hentry"],"jetpack_sharing_enabled":true,"_links":{"self":[{"href":"https:\/\/holgy.de\/index.php?rest_route=\/wp\/v2\/pages\/389","targetHints":{"allow":["GET"]}}],"collection":[{"href":"https:\/\/holgy.de\/index.php?rest_route=\/wp\/v2\/pages"}],"about":[{"href":"https:\/\/holgy.de\/index.php?rest_route=\/wp\/v2\/types\/page"}],"author":[{"embeddable":true,"href":"https:\/\/holgy.de\/index.php?rest_route=\/wp\/v2\/users\/1"}],"replies":[{"embeddable":true,"href":"https:\/\/holgy.de\/index.php?rest_route=%2Fwp%2Fv2%2Fcomments&post=389"}],"version-history":[{"count":3,"href":"https:\/\/holgy.de\/index.php?rest_route=\/wp\/v2\/pages\/389\/revisions"}],"predecessor-version":[{"id":421,"href":"https:\/\/holgy.de\/index.php?rest_route=\/wp\/v2\/pages\/389\/revisions\/421"}],"wp:attachment":[{"href":"https:\/\/holgy.de\/index.php?rest_route=%2Fwp%2Fv2%2Fmedia&parent=389"}],"curies":[{"name":"wp","href":"https:\/\/api.w.org\/{rel}","templated":true}]}}