{"id":434,"date":"2021-10-08T17:15:48","date_gmt":"2021-10-08T15:15:48","guid":{"rendered":"https:\/\/holgy.de\/?page_id=434"},"modified":"2021-10-15T12:47:52","modified_gmt":"2021-10-15T10:47:52","slug":"fotodrucker","status":"publish","type":"page","link":"https:\/\/holgy.de\/?page_id=434","title":{"rendered":"Fotodrucker"},"content":{"rendered":"\n<p>Im Laufe der Zeit habe ich hier viel ausprobiert und bin zu guter letzt bei einem Canon Selphy CP 1300 gelandet.<\/p>\n\n\n\n<p>Gestartet bin ich kurz vor einem D\u00e4nemark Urlaub mit einem Thermodrucker. Paperrang P1.<\/p>\n\n\n\n<div class=\"wp-block-image\"><figure class=\"aligncenter size-medium\"><a href=\"https:\/\/holgy.de\/wp-content\/uploads\/2021\/10\/wp-1633703695939.jpg\" target=\"_blank\" rel=\"noopener\"><img loading=\"lazy\" decoding=\"async\" width=\"225\" height=\"300\" src=\"https:\/\/holgy.de\/wp-content\/uploads\/2021\/10\/wp-1633703695939-225x300.jpg\" alt=\"\" class=\"wp-image-433\" srcset=\"https:\/\/holgy.de\/wp-content\/uploads\/2021\/10\/wp-1633703695939-225x300.jpg 225w, https:\/\/holgy.de\/wp-content\/uploads\/2021\/10\/wp-1633703695939-768x1024.jpg 768w, https:\/\/holgy.de\/wp-content\/uploads\/2021\/10\/wp-1633703695939-810x1080.jpg 810w, https:\/\/holgy.de\/wp-content\/uploads\/2021\/10\/wp-1633703695939.jpg 1094w\" sizes=\"auto, (max-width: 225px) 85vw, 225px\" \/><\/a><\/figure><\/div>\n\n\n\n<div class=\"wp-block-image\"><figure class=\"aligncenter size-medium\"><a href=\"https:\/\/holgy.de\/wp-content\/uploads\/2021\/10\/wp-1633703695919.jpg\" target=\"_blank\" rel=\"noopener\"><img loading=\"lazy\" decoding=\"async\" width=\"225\" height=\"300\" src=\"https:\/\/holgy.de\/wp-content\/uploads\/2021\/10\/wp-1633703695919-225x300.jpg\" alt=\"\" class=\"wp-image-429\" srcset=\"https:\/\/holgy.de\/wp-content\/uploads\/2021\/10\/wp-1633703695919-225x300.jpg 225w, https:\/\/holgy.de\/wp-content\/uploads\/2021\/10\/wp-1633703695919-768x1024.jpg 768w, https:\/\/holgy.de\/wp-content\/uploads\/2021\/10\/wp-1633703695919-810x1080.jpg 810w, https:\/\/holgy.de\/wp-content\/uploads\/2021\/10\/wp-1633703695919.jpg 1094w\" sizes=\"auto, (max-width: 225px) 85vw, 225px\" \/><\/a><\/figure><\/div>\n\n\n\n<p>Das ist eigentlich kein Fotodrucker sondern nur ein Thermodrucker f\u00fcr  grobe Darstellungen. Einfache schwarz\/wei\u00df Darstellung und kleine Listen gehen gerade noch, echte Fotos eher nicht. Das Papier befindet sich auf einer 57mm breiten &#8222;endlos&#8220; Rolle. Naja, endlos ist \u00fcbertrieben aber 10 m sind wohl drauf. Immer daran denken, dass die Ausdrucke nicht in der Sonne liegen sollten. Er hat einen eingebauten Akku und ist damit mobil. Verbindung zum Handy geschieht mittels Bluetooth. <\/p>\n\n\n\n<p>Der Preis pro Ausdruck ist hier nicht so richtig ermittelbar, ich sch\u00e4tze er liegt wohl auch eher im Bereich von ein paar Eurocent. <\/p>\n\n\n\n<p>Der zweite Drucker war dann ein &#8222;Zink Drucker&#8220; der Fa. Huawei. Er macht Bilder in der Gr\u00f6\u00dfe von 5&#215;7,6cm und diese sind dann auch noch selbstklebend. <\/p>\n\n\n\n<div class=\"wp-block-image\"><figure class=\"aligncenter size-medium\"><a href=\"https:\/\/holgy.de\/wp-content\/uploads\/2021\/10\/wp-1633703695933.jpg\" target=\"_blank\" rel=\"noopener\"><img loading=\"lazy\" decoding=\"async\" width=\"225\" height=\"300\" src=\"https:\/\/holgy.de\/wp-content\/uploads\/2021\/10\/wp-1633703695933-225x300.jpg\" alt=\"\" class=\"wp-image-432\" srcset=\"https:\/\/holgy.de\/wp-content\/uploads\/2021\/10\/wp-1633703695933-225x300.jpg 225w, https:\/\/holgy.de\/wp-content\/uploads\/2021\/10\/wp-1633703695933-768x1024.jpg 768w, https:\/\/holgy.de\/wp-content\/uploads\/2021\/10\/wp-1633703695933-810x1080.jpg 810w, https:\/\/holgy.de\/wp-content\/uploads\/2021\/10\/wp-1633703695933.jpg 1094w\" sizes=\"auto, (max-width: 225px) 85vw, 225px\" \/><\/a><\/figure><\/div>\n\n\n\n<div class=\"wp-block-image\"><figure class=\"aligncenter size-medium\"><a href=\"https:\/\/holgy.de\/wp-content\/uploads\/2021\/10\/wp-1633703695902.jpg\" target=\"_blank\" rel=\"noopener\"><img loading=\"lazy\" decoding=\"async\" width=\"225\" height=\"300\" src=\"https:\/\/holgy.de\/wp-content\/uploads\/2021\/10\/wp-1633703695902-225x300.jpg\" alt=\"\" class=\"wp-image-428\" srcset=\"https:\/\/holgy.de\/wp-content\/uploads\/2021\/10\/wp-1633703695902-225x300.jpg 225w, https:\/\/holgy.de\/wp-content\/uploads\/2021\/10\/wp-1633703695902-768x1024.jpg 768w, https:\/\/holgy.de\/wp-content\/uploads\/2021\/10\/wp-1633703695902-810x1080.jpg 810w, https:\/\/holgy.de\/wp-content\/uploads\/2021\/10\/wp-1633703695902.jpg 1094w\" sizes=\"auto, (max-width: 225px) 85vw, 225px\" \/><\/a><\/figure><\/div>\n\n\n\n<p>Er hat einen eingebauten Akku und in das Bildermagazin passen 10 Seiten. Leider sind diese Bilder im Ausdruck nicht ganz so sch\u00f6n, es gibt doch schon einige Streifen oder  leichte Verzerrungen. Die Zink-Drucktechnik, \u201eZink\u201c steht f\u00fcr \u201eZero Ink\u201c, ist ein Verfahren f\u00fcr Fotodrucker, das ohne Tinte auskommt, da sich die Farbpigmente bereits im Zink-Papier befinden <\/p>\n\n\n\n<p>Die Kosten:  ca 50 bis 60 Eurocent pro Ausdruck. Es ist ein nettes gimmick zB f\u00fcr Magnete, zum auf h\u00fcbschen von G\u00e4stebucheintr\u00e4ge  oder \u00e4hnliches. Die Verbindung zum Handy  funktioniert hier auch mittels Bluetooth.<\/p>\n\n\n\n<p>So, der dritte ist dann jetzt wohl ein echter Drucker, obwohl er auch keine Tinte in Tanks hat, sondern diese werden mittels Farbfolie \u00fcbertragen. <\/p>\n\n\n\n<div class=\"wp-block-image\"><figure class=\"aligncenter size-medium\"><a href=\"https:\/\/holgy.de\/wp-content\/uploads\/2021\/10\/wp-1633703695925.jpg\" target=\"_blank\" rel=\"noopener\"><img loading=\"lazy\" decoding=\"async\" width=\"300\" height=\"225\" src=\"https:\/\/holgy.de\/wp-content\/uploads\/2021\/10\/wp-1633703695925-300x225.jpg\" alt=\"\" class=\"wp-image-431\" srcset=\"https:\/\/holgy.de\/wp-content\/uploads\/2021\/10\/wp-1633703695925-300x225.jpg 300w, https:\/\/holgy.de\/wp-content\/uploads\/2021\/10\/wp-1633703695925-1024x768.jpg 1024w, https:\/\/holgy.de\/wp-content\/uploads\/2021\/10\/wp-1633703695925-768x576.jpg 768w, https:\/\/holgy.de\/wp-content\/uploads\/2021\/10\/wp-1633703695925-810x607.jpg 810w, https:\/\/holgy.de\/wp-content\/uploads\/2021\/10\/wp-1633703695925-1140x855.jpg 1140w, https:\/\/holgy.de\/wp-content\/uploads\/2021\/10\/wp-1633703695925-400x300.jpg 400w, https:\/\/holgy.de\/wp-content\/uploads\/2021\/10\/wp-1633703695925.jpg 1459w\" sizes=\"auto, (max-width: 300px) 85vw, 300px\" \/><\/a><\/figure><\/div>\n\n\n\n<div class=\"wp-block-image\"><figure class=\"aligncenter size-medium\"><a href=\"https:\/\/holgy.de\/wp-content\/uploads\/2021\/10\/wp-1633703695886.jpg\" target=\"_blank\" rel=\"noopener\"><img loading=\"lazy\" decoding=\"async\" width=\"225\" height=\"300\" src=\"https:\/\/holgy.de\/wp-content\/uploads\/2021\/10\/wp-1633703695886-225x300.jpg\" alt=\"\" class=\"wp-image-430\" srcset=\"https:\/\/holgy.de\/wp-content\/uploads\/2021\/10\/wp-1633703695886-225x300.jpg 225w, https:\/\/holgy.de\/wp-content\/uploads\/2021\/10\/wp-1633703695886-768x1024.jpg 768w, https:\/\/holgy.de\/wp-content\/uploads\/2021\/10\/wp-1633703695886-810x1080.jpg 810w, https:\/\/holgy.de\/wp-content\/uploads\/2021\/10\/wp-1633703695886.jpg 1094w\" sizes=\"auto, (max-width: 225px) 85vw, 225px\" \/><\/a><\/figure><\/div>\n\n\n\n<p>4 Farben werden, bei der Herstellung, quasi  auf das Bild \u00fcbertragen, gemischt und fixiert. Ich finde gestochen scharf und mit 30 Eurocent pro Ausdruck recht g\u00fcnstig. Die Gr\u00f6\u00dfe der Bilder ist hier 10x 15 cm also Postkartenformat. Es gibt ein 230volt Netzteil bzw einen Akku (im Zubeh\u00f6r). Der Akku soll wohl ca. 20  Ausdrucke schaffen. Da ich leider noch keinen habe, kann ich gegenw\u00e4rtig nicht dar\u00fcber berichten. Das reine ausdrucken dauert unter eine Minute.<\/p>\n\n\n\n<p>Da dieses Ger\u00e4t neben einer WIFI Verbindung auch einen USB Anschluss hat, kann man hier auch sowie ein Handy als auch einen PC oder eine Camera anschlie\u00dfen. Ausserdem ist ein SD-Card Slot vorhanden. Ist alles sehr praktisch. Dicke Empfehlung!!<\/p>\n\n\n\n<p><\/p>\n\n\n\n<p>!! durch klicken auf das jeweilige Bid \u00f6ffnet sich eine neue Seite mit einer gr\u00f6\u00dferen Darstellung.!!<\/p>\n","protected":false},"excerpt":{"rendered":"<p>Im Laufe der Zeit habe ich hier viel ausprobiert und bin zu guter letzt bei einem Canon Selphy CP 1300 gelandet. Gestartet bin ich kurz vor einem D\u00e4nemark Urlaub mit einem Thermodrucker. Paperrang P1. Das ist eigentlich kein Fotodrucker sondern nur ein Thermodrucker f\u00fcr grobe Darstellungen. Einfache schwarz\/wei\u00df Darstellung und kleine Listen gehen gerade noch, &hellip; <a href=\"https:\/\/holgy.de\/?page_id=434\" class=\"more-link\"><span class=\"screen-reader-text\">\u201eFotodrucker\u201c <\/span>weiterlesen<\/a><\/p>\n","protected":false},"author":1,"featured_media":0,"parent":117,"menu_order":0,"comment_status":"closed","ping_status":"closed","template":"","meta":{"footnotes":""},"class_list":["post-434","page","type-page","status-publish","hentry"],"jetpack_sharing_enabled":true,"_links":{"self":[{"href":"https:\/\/holgy.de\/index.php?rest_route=\/wp\/v2\/pages\/434","targetHints":{"allow":["GET"]}}],"collection":[{"href":"https:\/\/holgy.de\/index.php?rest_route=\/wp\/v2\/pages"}],"about":[{"href":"https:\/\/holgy.de\/index.php?rest_route=\/wp\/v2\/types\/page"}],"author":[{"embeddable":true,"href":"https:\/\/holgy.de\/index.php?rest_route=\/wp\/v2\/users\/1"}],"replies":[{"embeddable":true,"href":"https:\/\/holgy.de\/index.php?rest_route=%2Fwp%2Fv2%2Fcomments&post=434"}],"version-history":[{"count":4,"href":"https:\/\/holgy.de\/index.php?rest_route=\/wp\/v2\/pages\/434\/revisions"}],"predecessor-version":[{"id":441,"href":"https:\/\/holgy.de\/index.php?rest_route=\/wp\/v2\/pages\/434\/revisions\/441"}],"up":[{"embeddable":true,"href":"https:\/\/holgy.de\/index.php?rest_route=\/wp\/v2\/pages\/117"}],"wp:attachment":[{"href":"https:\/\/holgy.de\/index.php?rest_route=%2Fwp%2Fv2%2Fmedia&parent=434"}],"curies":[{"name":"wp","href":"https:\/\/api.w.org\/{rel}","templated":true}]}}