{"id":449,"date":"2021-10-19T17:30:54","date_gmt":"2021-10-19T15:30:54","guid":{"rendered":"https:\/\/holgy.de\/?page_id=449"},"modified":"2024-08-17T17:05:37","modified_gmt":"2024-08-17T15:05:37","slug":"geocaching","status":"publish","type":"page","link":"https:\/\/holgy.de\/?page_id=449","title":{"rendered":"Geocaching"},"content":{"rendered":"\n<p><br \/>Tja, wie soll ich es sagen&#8230;..Geocaching ist eigentlich, simpel beschrieben, eine Schnitzeljagd f\u00fcr Erwachsene oder Schnipseljagt, je nachdem wie man sagen m\u00f6chte.<\/p>\n\n\n\n<p>Im Mai \u00a02000 begann der Spa\u00df &#8222;Geocachen&#8220; mit einem &#8222;schwarzen Eimer&#8220; in den USA. Dieser wurde von Dave Ulmer in der N\u00e4he von Portland versteckt&#8230;&#8230;.\u00a0<\/p>\n\n\n\n<p><\/p>\n\n\n\n<p>Meinen ersten Geocache habe ich im September 2001 gefunden&#8230;.. Bis heute (27.7.2024) ist meine Ausbeute bei knapp 341 Funden. Auf die Zeit gesehen, eher d\u00fcrftig aber ich genie\u00dfe es einfach und renne nicht jeden Tag los um neue &#8222;Dosen&#8220; zu finden.<\/p>\n\n\n\n<p>Mein am weitesten entferntester Cache war in den USA- genauer in&nbsp; Florida, mein n\u00f6rdlichster lag in Norwegen, der s\u00fcdlichste auf Teneriffa und der \u00f6stlichste war in Litauen.\u00a0<\/p>\n\n\n\n<p>Wer also an Technik, Natur, etwas Abenteuersinn und Spa\u00df haben m\u00f6chte, sowie etwas Sp\u00fcrsinn besitzt sollte es einmal ausprobieren. Ich kann es nur empfehlen. Die Mitgliedschaft bei &#8222;<a href=\"http:\/\/www.geocaching.com\">geocaching.com<\/a>&#8220;\u00a0 ist in der Grundform umsonst.<\/p>\n\n\n\n<p>Man muss auch keine neue Technik anschaffen, sondern kann eine App auf seinem &#8222;Smartphone&#8220;&nbsp; nutzen.<\/p>\n\n\n\n<p><\/p>\n\n\n\n<p>Happy hunting &#8211; fr\u00f6hliches jagen.<\/p>\n","protected":false},"excerpt":{"rendered":"<p>Tja, wie soll ich es sagen&#8230;..Geocaching ist eigentlich, simpel beschrieben, eine Schnitzeljagd f\u00fcr Erwachsene oder Schnipseljagt, je nachdem wie man sagen m\u00f6chte. Im Mai \u00a02000 begann der Spa\u00df &#8222;Geocachen&#8220; mit einem &#8222;schwarzen Eimer&#8220; in den USA. Dieser wurde von Dave Ulmer in der N\u00e4he von Portland versteckt&#8230;&#8230;.\u00a0 Meinen ersten Geocache habe ich im September 2001 &hellip; <a href=\"https:\/\/holgy.de\/?page_id=449\" class=\"more-link\"><span class=\"screen-reader-text\">\u201eGeocaching\u201c <\/span>weiterlesen<\/a><\/p>\n","protected":false},"author":1,"featured_media":0,"parent":0,"menu_order":0,"comment_status":"closed","ping_status":"closed","template":"","meta":{"footnotes":""},"class_list":["post-449","page","type-page","status-publish","hentry"],"jetpack_sharing_enabled":true,"_links":{"self":[{"href":"https:\/\/holgy.de\/index.php?rest_route=\/wp\/v2\/pages\/449","targetHints":{"allow":["GET"]}}],"collection":[{"href":"https:\/\/holgy.de\/index.php?rest_route=\/wp\/v2\/pages"}],"about":[{"href":"https:\/\/holgy.de\/index.php?rest_route=\/wp\/v2\/types\/page"}],"author":[{"embeddable":true,"href":"https:\/\/holgy.de\/index.php?rest_route=\/wp\/v2\/users\/1"}],"replies":[{"embeddable":true,"href":"https:\/\/holgy.de\/index.php?rest_route=%2Fwp%2Fv2%2Fcomments&post=449"}],"version-history":[{"count":3,"href":"https:\/\/holgy.de\/index.php?rest_route=\/wp\/v2\/pages\/449\/revisions"}],"predecessor-version":[{"id":1138,"href":"https:\/\/holgy.de\/index.php?rest_route=\/wp\/v2\/pages\/449\/revisions\/1138"}],"wp:attachment":[{"href":"https:\/\/holgy.de\/index.php?rest_route=%2Fwp%2Fv2%2Fmedia&parent=449"}],"curies":[{"name":"wp","href":"https:\/\/api.w.org\/{rel}","templated":true}]}}