{"id":45,"date":"2021-08-17T22:22:55","date_gmt":"2021-08-17T20:22:55","guid":{"rendered":"http:\/\/holgy.de\/?page_id=45"},"modified":"2026-01-06T12:13:09","modified_gmt":"2026-01-06T11:13:09","slug":"laeso-die-10te","status":"publish","type":"page","link":"https:\/\/holgy.de\/?page_id=45","title":{"rendered":"L\u00e6s\u00f8, eine Perle im Kattegat"},"content":{"rendered":"\n<p>im Jahr 2007 sind wir das erste mal auf diese tolle Insel gefahren. Es war zu meinem 50ten Geburtstag und es ging dort in den &#8222;Professor Johansens Vej&#8220;. Es war unheimlich aufregend, mit Familie und Freunden dort in der absoluten, f\u00fcr uns jedenfalls, Dunkelheit zu feiern und anschlie\u00dfend zu Urlauben.<\/p>\n\n\n\n<figure class=\"wp-block-image size-large\"><img loading=\"lazy\" decoding=\"async\" width=\"652\" height=\"422\" src=\"https:\/\/holgy.de\/wp-content\/uploads\/2021\/08\/laeso-karte.png\" alt=\"\" class=\"wp-image-17\" srcset=\"https:\/\/holgy.de\/wp-content\/uploads\/2021\/08\/laeso-karte.png 652w, https:\/\/holgy.de\/wp-content\/uploads\/2021\/08\/laeso-karte-300x194.png 300w\" sizes=\"auto, (max-width: 652px) 85vw, 652px\" \/><\/figure>\n\n\n\n<p>Dort seht ihr die Insel Laeso\u2026\u2026eine Perle im Kattegat.<\/p>\n\n\n\n<p>Dieses Jahr (<strong>2021<\/strong>) fuhren wir also zum 10ten mal auf dieses Kleinod zur Erholung. Wir haben uns mal hingesetzt und haben versucht alle Ferienh\u00e4user, grob wenigstens, zusammen zu tragen. Leider bekommen wir die Jahre nicht mehr zusammen aber das ist auch eigentlich egal, was z\u00e4hlt ist in Vester\u00f8 von der F\u00e4hre zu rollen und die Papiere f\u00fcr das Ferienhaus abzuholen. Auf der Fahrt dorthin versuchen wir schon Eier oder frisches Gem\u00fcse von den Bauern mitzunehmen.<\/p>\n\n\n\n<p><br>Wir befinden uns \u00fcberwiegend im Nordosten der Insel, im Bereich &#8222;Nordmarken&#8220; und &#8222;\u00d8sterby Havn&#8220;.<\/p>\n\n\n\n<figure class=\"wp-block-image size-large\"><img loading=\"lazy\" decoding=\"async\" width=\"1024\" height=\"430\" src=\"https:\/\/holgy.de\/wp-content\/uploads\/2021\/08\/laeso-karte2-1024x430.png\" alt=\"\" class=\"wp-image-18\" srcset=\"https:\/\/holgy.de\/wp-content\/uploads\/2021\/08\/laeso-karte2-1024x430.png 1024w, https:\/\/holgy.de\/wp-content\/uploads\/2021\/08\/laeso-karte2-300x126.png 300w, https:\/\/holgy.de\/wp-content\/uploads\/2021\/08\/laeso-karte2-768x322.png 768w, https:\/\/holgy.de\/wp-content\/uploads\/2021\/08\/laeso-karte2.png 1179w\" sizes=\"auto, (max-width: 709px) 85vw, (max-width: 909px) 67vw, (max-width: 1362px) 62vw, 840px\" \/><\/figure>\n\n\n\n<p>Ja, es sind da nur 8 Sterne verteilt, das stimmt schon aber das eine bestimmte Haus haben wir 3 mal besucht, weil es uns so gut gefallen hat.<br><br>Wie auch bei den letzten Urlauben, nehmen wir wieder unsere Pedelec\u00b4s mit und werden dann \u00fcberwiegend mit dem Rad unterwegs sein. Natur genie\u00dfen, am Strand rumlaufen, im Hafen sitzen und oder &#8222;Mik\u00b4s Marked&#8220; besuchen. Hier sind wir bisher immer eingekehrt und haben gest\u00f6bert wie verr\u00fcckt, gefunden haben wir bisher immer irgend etwas.<\/p>\n\n\n\n<p><\/p>\n\n\n\n<p>Diesmal geht es in den &#8222;H\u00f8gevej&#8220;, Schwager und Schw\u00e4gerin aus Osnabr\u00fcck kommen auch hoch und unterst\u00fctzen uns beim &#8222;#Seelebaumelnlassen&#8220; und auch diesmal stellt wieder diese eine bestimmte Familie aus NRW den Haussitter, billiger kann man an der L\u00fcbecker Bucht nicht Urlauben oder??<\/p>\n\n\n\n<div class=\"wp-block-jetpack-slideshow aligncenter\" data-effect=\"slide\"><div class=\"wp-block-jetpack-slideshow_container swiper\"><ul class=\"wp-block-jetpack-slideshow_swiper-wrapper swiper-wrapper\"><li class=\"wp-block-jetpack-slideshow_slide swiper-slide\"><figure><img loading=\"lazy\" decoding=\"async\" width=\"1024\" height=\"768\" alt=\"\" class=\"wp-block-jetpack-slideshow_image wp-image-63\" data-id=\"63\" src=\"https:\/\/holgy.de\/wp-content\/uploads\/2021\/08\/Laeso2019_4.jpg\" srcset=\"https:\/\/holgy.de\/wp-content\/uploads\/2021\/08\/Laeso2019_4.jpg 1024w, https:\/\/holgy.de\/wp-content\/uploads\/2021\/08\/Laeso2019_4-300x225.jpg 300w, https:\/\/holgy.de\/wp-content\/uploads\/2021\/08\/Laeso2019_4-768x576.jpg 768w\" sizes=\"(max-width: 709px) 85vw, (max-width: 909px) 67vw, (max-width: 1362px) 62vw, 840px\" \/><figcaption class=\"wp-block-jetpack-slideshow_caption gallery-caption\">Miks Market<\/figcaption><\/figure><\/li><li class=\"wp-block-jetpack-slideshow_slide swiper-slide\"><figure><img loading=\"lazy\" decoding=\"async\" width=\"576\" height=\"768\" alt=\"\" class=\"wp-block-jetpack-slideshow_image wp-image-74\" data-id=\"74\" src=\"https:\/\/holgy.de\/wp-content\/uploads\/2021\/08\/Laeso2019_15.jpg\" srcset=\"https:\/\/holgy.de\/wp-content\/uploads\/2021\/08\/Laeso2019_15.jpg 576w, https:\/\/holgy.de\/wp-content\/uploads\/2021\/08\/Laeso2019_15-225x300.jpg 225w\" sizes=\"(max-width: 576px) 85vw, 576px\" \/><figcaption class=\"wp-block-jetpack-slideshow_caption gallery-caption\">Radfahrer kreuzen<\/figcaption><\/figure><\/li><li class=\"wp-block-jetpack-slideshow_slide swiper-slide\"><figure><img loading=\"lazy\" decoding=\"async\" width=\"576\" height=\"768\" alt=\"\" class=\"wp-block-jetpack-slideshow_image wp-image-73\" data-id=\"73\" src=\"https:\/\/holgy.de\/wp-content\/uploads\/2021\/08\/Laeso2019_14.jpg\" srcset=\"https:\/\/holgy.de\/wp-content\/uploads\/2021\/08\/Laeso2019_14.jpg 576w, https:\/\/holgy.de\/wp-content\/uploads\/2021\/08\/Laeso2019_14-225x300.jpg 225w\" sizes=\"(max-width: 576px) 85vw, 576px\" \/><figcaption class=\"wp-block-jetpack-slideshow_caption gallery-caption\">Danzigmand<\/figcaption><\/figure><\/li><li class=\"wp-block-jetpack-slideshow_slide swiper-slide\"><figure><img loading=\"lazy\" decoding=\"async\" width=\"1024\" height=\"768\" alt=\"\" class=\"wp-block-jetpack-slideshow_image wp-image-72\" data-id=\"72\" src=\"https:\/\/holgy.de\/wp-content\/uploads\/2021\/08\/Laeso2019_13.jpg\" srcset=\"https:\/\/holgy.de\/wp-content\/uploads\/2021\/08\/Laeso2019_13.jpg 1024w, https:\/\/holgy.de\/wp-content\/uploads\/2021\/08\/Laeso2019_13-300x225.jpg 300w, https:\/\/holgy.de\/wp-content\/uploads\/2021\/08\/Laeso2019_13-768x576.jpg 768w\" sizes=\"(max-width: 709px) 85vw, (max-width: 909px) 67vw, (max-width: 1362px) 62vw, 840px\" \/><figcaption class=\"wp-block-jetpack-slideshow_caption gallery-caption\">Laura<\/figcaption><\/figure><\/li><li class=\"wp-block-jetpack-slideshow_slide swiper-slide\"><figure><img loading=\"lazy\" decoding=\"async\" width=\"1024\" height=\"768\" alt=\"\" class=\"wp-block-jetpack-slideshow_image wp-image-71\" data-id=\"71\" src=\"https:\/\/holgy.de\/wp-content\/uploads\/2021\/08\/Laeso2019_12.jpg\" srcset=\"https:\/\/holgy.de\/wp-content\/uploads\/2021\/08\/Laeso2019_12.jpg 1024w, https:\/\/holgy.de\/wp-content\/uploads\/2021\/08\/Laeso2019_12-300x225.jpg 300w, https:\/\/holgy.de\/wp-content\/uploads\/2021\/08\/Laeso2019_12-768x576.jpg 768w\" sizes=\"(max-width: 709px) 85vw, (max-width: 909px) 67vw, (max-width: 1362px) 62vw, 840px\" \/><figcaption class=\"wp-block-jetpack-slideshow_caption gallery-caption\">Windfl\u00fcchter<\/figcaption><\/figure><\/li><li class=\"wp-block-jetpack-slideshow_slide swiper-slide\"><figure><img loading=\"lazy\" decoding=\"async\" width=\"576\" height=\"768\" alt=\"\" class=\"wp-block-jetpack-slideshow_image wp-image-70\" data-id=\"70\" src=\"https:\/\/holgy.de\/wp-content\/uploads\/2021\/08\/Laeso2019_11.jpg\" srcset=\"https:\/\/holgy.de\/wp-content\/uploads\/2021\/08\/Laeso2019_11.jpg 576w, https:\/\/holgy.de\/wp-content\/uploads\/2021\/08\/Laeso2019_11-225x300.jpg 225w\" sizes=\"(max-width: 576px) 85vw, 576px\" \/><figcaption class=\"wp-block-jetpack-slideshow_caption gallery-caption\">Minif\u00e4hre<\/figcaption><\/figure><\/li><li class=\"wp-block-jetpack-slideshow_slide swiper-slide\"><figure><img loading=\"lazy\" decoding=\"async\" width=\"1024\" height=\"768\" alt=\"\" class=\"wp-block-jetpack-slideshow_image wp-image-69\" data-id=\"69\" src=\"https:\/\/holgy.de\/wp-content\/uploads\/2021\/08\/Laeso2019_10.jpg\" srcset=\"https:\/\/holgy.de\/wp-content\/uploads\/2021\/08\/Laeso2019_10.jpg 1024w, https:\/\/holgy.de\/wp-content\/uploads\/2021\/08\/Laeso2019_10-300x225.jpg 300w, https:\/\/holgy.de\/wp-content\/uploads\/2021\/08\/Laeso2019_10-768x576.jpg 768w\" sizes=\"(max-width: 709px) 85vw, (max-width: 909px) 67vw, (max-width: 1362px) 62vw, 840px\" \/><figcaption class=\"wp-block-jetpack-slideshow_caption gallery-caption\">Tangborg Strand<\/figcaption><\/figure><\/li><li class=\"wp-block-jetpack-slideshow_slide swiper-slide\"><figure><img loading=\"lazy\" decoding=\"async\" width=\"1024\" height=\"768\" alt=\"\" class=\"wp-block-jetpack-slideshow_image wp-image-68\" data-id=\"68\" src=\"https:\/\/holgy.de\/wp-content\/uploads\/2021\/08\/Laeso2019_9.jpg\" srcset=\"https:\/\/holgy.de\/wp-content\/uploads\/2021\/08\/Laeso2019_9.jpg 1024w, https:\/\/holgy.de\/wp-content\/uploads\/2021\/08\/Laeso2019_9-300x225.jpg 300w, https:\/\/holgy.de\/wp-content\/uploads\/2021\/08\/Laeso2019_9-768x576.jpg 768w\" sizes=\"(max-width: 709px) 85vw, (max-width: 909px) 67vw, (max-width: 1362px) 62vw, 840px\" \/><figcaption class=\"wp-block-jetpack-slideshow_caption gallery-caption\">Wild\/Vieh Sperre<\/figcaption><\/figure><\/li><li class=\"wp-block-jetpack-slideshow_slide swiper-slide\"><figure><img loading=\"lazy\" decoding=\"async\" width=\"1024\" height=\"768\" alt=\"\" class=\"wp-block-jetpack-slideshow_image wp-image-67\" data-id=\"67\" src=\"https:\/\/holgy.de\/wp-content\/uploads\/2021\/08\/Laeso2019_8.jpg\" srcset=\"https:\/\/holgy.de\/wp-content\/uploads\/2021\/08\/Laeso2019_8.jpg 1024w, https:\/\/holgy.de\/wp-content\/uploads\/2021\/08\/Laeso2019_8-300x225.jpg 300w, https:\/\/holgy.de\/wp-content\/uploads\/2021\/08\/Laeso2019_8-768x576.jpg 768w\" sizes=\"(max-width: 709px) 85vw, (max-width: 909px) 67vw, (max-width: 1362px) 62vw, 840px\" \/><\/figure><\/li><li class=\"wp-block-jetpack-slideshow_slide swiper-slide\"><figure><img loading=\"lazy\" decoding=\"async\" width=\"1024\" height=\"768\" alt=\"\" class=\"wp-block-jetpack-slideshow_image wp-image-66\" data-id=\"66\" src=\"https:\/\/holgy.de\/wp-content\/uploads\/2021\/08\/Laeso2019_7.jpg\" srcset=\"https:\/\/holgy.de\/wp-content\/uploads\/2021\/08\/Laeso2019_7.jpg 1024w, https:\/\/holgy.de\/wp-content\/uploads\/2021\/08\/Laeso2019_7-300x225.jpg 300w, https:\/\/holgy.de\/wp-content\/uploads\/2021\/08\/Laeso2019_7-768x576.jpg 768w\" sizes=\"(max-width: 709px) 85vw, (max-width: 909px) 67vw, (max-width: 1362px) 62vw, 840px\" \/><figcaption class=\"wp-block-jetpack-slideshow_caption gallery-caption\">Rettungsschuppen<\/figcaption><\/figure><\/li><li class=\"wp-block-jetpack-slideshow_slide swiper-slide\"><figure><img loading=\"lazy\" decoding=\"async\" width=\"576\" height=\"768\" alt=\"\" class=\"wp-block-jetpack-slideshow_image wp-image-65\" data-id=\"65\" src=\"https:\/\/holgy.de\/wp-content\/uploads\/2021\/08\/Laeso2019_6.jpg\" srcset=\"https:\/\/holgy.de\/wp-content\/uploads\/2021\/08\/Laeso2019_6.jpg 576w, https:\/\/holgy.de\/wp-content\/uploads\/2021\/08\/Laeso2019_6-225x300.jpg 225w\" sizes=\"(max-width: 576px) 85vw, 576px\" \/><figcaption class=\"wp-block-jetpack-slideshow_caption gallery-caption\">Pfifferlinge<\/figcaption><\/figure><\/li><li class=\"wp-block-jetpack-slideshow_slide swiper-slide\"><figure><img loading=\"lazy\" decoding=\"async\" width=\"1024\" height=\"768\" alt=\"\" class=\"wp-block-jetpack-slideshow_image wp-image-64\" data-id=\"64\" src=\"https:\/\/holgy.de\/wp-content\/uploads\/2021\/08\/Laeso2019_5.jpg\" srcset=\"https:\/\/holgy.de\/wp-content\/uploads\/2021\/08\/Laeso2019_5.jpg 1024w, https:\/\/holgy.de\/wp-content\/uploads\/2021\/08\/Laeso2019_5-300x225.jpg 300w, https:\/\/holgy.de\/wp-content\/uploads\/2021\/08\/Laeso2019_5-768x576.jpg 768w\" sizes=\"(max-width: 709px) 85vw, (max-width: 909px) 67vw, (max-width: 1362px) 62vw, 840px\" \/><figcaption class=\"wp-block-jetpack-slideshow_caption gallery-caption\">Fisch satt<\/figcaption><\/figure><\/li><li class=\"wp-block-jetpack-slideshow_slide swiper-slide\"><figure><img loading=\"lazy\" decoding=\"async\" width=\"1024\" height=\"768\" alt=\"\" class=\"wp-block-jetpack-slideshow_image wp-image-62\" data-id=\"62\" src=\"https:\/\/holgy.de\/wp-content\/uploads\/2021\/08\/Laeso2019_3.jpg\" srcset=\"https:\/\/holgy.de\/wp-content\/uploads\/2021\/08\/Laeso2019_3.jpg 1024w, https:\/\/holgy.de\/wp-content\/uploads\/2021\/08\/Laeso2019_3-300x225.jpg 300w, https:\/\/holgy.de\/wp-content\/uploads\/2021\/08\/Laeso2019_3-768x576.jpg 768w\" sizes=\"(max-width: 709px) 85vw, (max-width: 909px) 67vw, (max-width: 1362px) 62vw, 840px\" \/><figcaption class=\"wp-block-jetpack-slideshow_caption gallery-caption\">Sk\u00f8l<\/figcaption><\/figure><\/li><li class=\"wp-block-jetpack-slideshow_slide swiper-slide\"><figure><img loading=\"lazy\" decoding=\"async\" width=\"1024\" height=\"768\" alt=\"\" class=\"wp-block-jetpack-slideshow_image wp-image-61\" data-id=\"61\" src=\"https:\/\/holgy.de\/wp-content\/uploads\/2021\/08\/Laeso2019_2.jpg\" srcset=\"https:\/\/holgy.de\/wp-content\/uploads\/2021\/08\/Laeso2019_2.jpg 1024w, https:\/\/holgy.de\/wp-content\/uploads\/2021\/08\/Laeso2019_2-300x225.jpg 300w, https:\/\/holgy.de\/wp-content\/uploads\/2021\/08\/Laeso2019_2-768x576.jpg 768w\" sizes=\"(max-width: 709px) 85vw, (max-width: 909px) 67vw, (max-width: 1362px) 62vw, 840px\" \/><figcaption class=\"wp-block-jetpack-slideshow_caption gallery-caption\">beruhigend<\/figcaption><\/figure><\/li><li class=\"wp-block-jetpack-slideshow_slide swiper-slide\"><figure><img loading=\"lazy\" decoding=\"async\" width=\"1024\" height=\"768\" alt=\"Urlaub 09-21\" class=\"wp-block-jetpack-slideshow_image wp-image-60\" data-id=\"60\" src=\"https:\/\/holgy.de\/wp-content\/uploads\/2021\/08\/Laeso2019.jpg\" srcset=\"https:\/\/holgy.de\/wp-content\/uploads\/2021\/08\/Laeso2019.jpg 1024w, https:\/\/holgy.de\/wp-content\/uploads\/2021\/08\/Laeso2019-300x225.jpg 300w, https:\/\/holgy.de\/wp-content\/uploads\/2021\/08\/Laeso2019-768x576.jpg 768w\" sizes=\"(max-width: 709px) 85vw, (max-width: 909px) 67vw, (max-width: 1362px) 62vw, 840px\" \/><figcaption class=\"wp-block-jetpack-slideshow_caption gallery-caption\">Seetanghaus<\/figcaption><\/figure><\/li><\/ul><a class=\"wp-block-jetpack-slideshow_button-prev swiper-button-prev swiper-button-white\" role=\"button\"><\/a><a class=\"wp-block-jetpack-slideshow_button-next swiper-button-next swiper-button-white\" role=\"button\"><\/a><a aria-label=\"Pause Slideshow\" class=\"wp-block-jetpack-slideshow_button-pause\" role=\"button\"><\/a><div class=\"wp-block-jetpack-slideshow_pagination swiper-pagination swiper-pagination-white\"><\/div><\/div><\/div>\n","protected":false},"excerpt":{"rendered":"<p>im Jahr 2007 sind wir das erste mal auf diese tolle Insel gefahren. Es war zu meinem 50ten Geburtstag und es ging dort in den &#8222;Professor Johansens Vej&#8220;. Es war unheimlich aufregend, mit Familie und Freunden dort in der absoluten, f\u00fcr uns jedenfalls, Dunkelheit zu feiern und anschlie\u00dfend zu Urlauben. Dort seht ihr die Insel &hellip; <a href=\"https:\/\/holgy.de\/?page_id=45\" class=\"more-link\"><span class=\"screen-reader-text\">\u201eL\u00e6s\u00f8, eine Perle im Kattegat\u201c <\/span>weiterlesen<\/a><\/p>\n","protected":false},"author":1,"featured_media":0,"parent":19,"menu_order":0,"comment_status":"closed","ping_status":"closed","template":"","meta":{"footnotes":""},"class_list":["post-45","page","type-page","status-publish","hentry"],"jetpack_sharing_enabled":true,"_links":{"self":[{"href":"https:\/\/holgy.de\/index.php?rest_route=\/wp\/v2\/pages\/45","targetHints":{"allow":["GET"]}}],"collection":[{"href":"https:\/\/holgy.de\/index.php?rest_route=\/wp\/v2\/pages"}],"about":[{"href":"https:\/\/holgy.de\/index.php?rest_route=\/wp\/v2\/types\/page"}],"author":[{"embeddable":true,"href":"https:\/\/holgy.de\/index.php?rest_route=\/wp\/v2\/users\/1"}],"replies":[{"embeddable":true,"href":"https:\/\/holgy.de\/index.php?rest_route=%2Fwp%2Fv2%2Fcomments&post=45"}],"version-history":[{"count":8,"href":"https:\/\/holgy.de\/index.php?rest_route=\/wp\/v2\/pages\/45\/revisions"}],"predecessor-version":[{"id":1466,"href":"https:\/\/holgy.de\/index.php?rest_route=\/wp\/v2\/pages\/45\/revisions\/1466"}],"up":[{"embeddable":true,"href":"https:\/\/holgy.de\/index.php?rest_route=\/wp\/v2\/pages\/19"}],"wp:attachment":[{"href":"https:\/\/holgy.de\/index.php?rest_route=%2Fwp%2Fv2%2Fmedia&parent=45"}],"curies":[{"name":"wp","href":"https:\/\/api.w.org\/{rel}","templated":true}]}}