{"id":5,"date":"2021-08-17T18:06:32","date_gmt":"2021-08-17T17:06:32","guid":{"rendered":"http:\/\/holgy.de\/?page_id=5"},"modified":"2026-01-09T13:00:28","modified_gmt":"2026-01-09T12:00:28","slug":"homepage","status":"publish","type":"page","link":"https:\/\/holgy.de\/","title":{"rendered":"Startseite"},"content":{"rendered":"\n<p>Moin, solltet ihr hier mit einem <strong>Handy<\/strong> surfen &#8211; weiter geht es oben rechts \u00fcber Men\u00fc oder runter scrollen. Viel Spa\u00df.<\/p>\n\n\n\n<p><\/p>\n\n\n\n<figure class=\"wp-block-image size-large\"><img loading=\"lazy\" decoding=\"async\" width=\"1024\" height=\"461\" src=\"https:\/\/holgy.de\/wp-content\/uploads\/2026\/01\/Katjas-Strand-1-1024x461.jpeg\" alt=\"\" class=\"wp-image-1478\" srcset=\"https:\/\/holgy.de\/wp-content\/uploads\/2026\/01\/Katjas-Strand-1-1024x461.jpeg 1024w, https:\/\/holgy.de\/wp-content\/uploads\/2026\/01\/Katjas-Strand-1-300x135.jpeg 300w, https:\/\/holgy.de\/wp-content\/uploads\/2026\/01\/Katjas-Strand-1-768x346.jpeg 768w, https:\/\/holgy.de\/wp-content\/uploads\/2026\/01\/Katjas-Strand-1-1536x691.jpeg 1536w, https:\/\/holgy.de\/wp-content\/uploads\/2026\/01\/Katjas-Strand-1-1200x540.jpeg 1200w, https:\/\/holgy.de\/wp-content\/uploads\/2026\/01\/Katjas-Strand-1.jpeg 2000w\" sizes=\"auto, (max-width: 709px) 85vw, (max-width: 909px) 67vw, (max-width: 1362px) 62vw, 840px\" \/><\/figure>\n\n\n\n<p><\/p>\n\n\n\n<p><\/p>\n\n\n\n<p><\/p>\n","protected":false},"excerpt":{"rendered":"<p>Moin, solltet ihr hier mit einem Handy surfen &#8211; weiter geht es oben rechts \u00fcber Men\u00fc oder runter scrollen. Viel Spa\u00df.<\/p>\n","protected":false},"author":1,"featured_media":0,"parent":0,"menu_order":0,"comment_status":"closed","ping_status":"closed","template":"","meta":{"footnotes":""},"class_list":["post-5","page","type-page","status-publish","hentry"],"jetpack_sharing_enabled":true,"_links":{"self":[{"href":"https:\/\/holgy.de\/index.php?rest_route=\/wp\/v2\/pages\/5","targetHints":{"allow":["GET"]}}],"collection":[{"href":"https:\/\/holgy.de\/index.php?rest_route=\/wp\/v2\/pages"}],"about":[{"href":"https:\/\/holgy.de\/index.php?rest_route=\/wp\/v2\/types\/page"}],"author":[{"embeddable":true,"href":"https:\/\/holgy.de\/index.php?rest_route=\/wp\/v2\/users\/1"}],"replies":[{"embeddable":true,"href":"https:\/\/holgy.de\/index.php?rest_route=%2Fwp%2Fv2%2Fcomments&post=5"}],"version-history":[{"count":10,"href":"https:\/\/holgy.de\/index.php?rest_route=\/wp\/v2\/pages\/5\/revisions"}],"predecessor-version":[{"id":1482,"href":"https:\/\/holgy.de\/index.php?rest_route=\/wp\/v2\/pages\/5\/revisions\/1482"}],"wp:attachment":[{"href":"https:\/\/holgy.de\/index.php?rest_route=%2Fwp%2Fv2%2Fmedia&parent=5"}],"curies":[{"name":"wp","href":"https:\/\/api.w.org\/{rel}","templated":true}]}}